
{"id":1279,"date":"2021-04-25T10:50:30","date_gmt":"2021-04-25T08:50:30","guid":{"rendered":"https:\/\/onlinekurs.seelenklopfen.de\/?page_id=1279"},"modified":"2021-04-25T10:57:35","modified_gmt":"2021-04-25T08:57:35","slug":"disclaimer","status":"publish","type":"page","link":"https:\/\/onlinekurs.seelenklopfen.de\/index.php\/disclaimer\/","title":{"rendered":"Disclaimer"},"content":{"rendered":"<div style=\"width: 1170px;\" class=\"wp-video\"><video class=\"wp-video-shortcode\" id=\"video-1279-1\" width=\"1170\" height=\"658\" poster=\"https:\/\/onlinekurs.seelenklopfen.de\/wp-content\/uploads\/2021\/04\/Onlinekurs-Modul-10-Disclaimer.png\" preload=\"metadata\" controls=\"controls\"><source type=\"video\/mp4\" src=\"https:\/\/onlinekurs.seelenklopfen.de\/wp-content\/uploads\/2021\/03\/06_Disclaimer_720.mp4?_=1\" \/><a href=\"https:\/\/onlinekurs.seelenklopfen.de\/wp-content\/uploads\/2021\/03\/06_Disclaimer_720.mp4\">https:\/\/onlinekurs.seelenklopfen.de\/wp-content\/uploads\/2021\/03\/06_Disclaimer_720.mp4<\/a><\/video><\/div>\n<p>&nbsp;<\/p>\n<p align=\"left\"><span style=\"color: #ff6600;\"><strong>In diesem Video erkl\u00e4re ich genau, f\u00fcr wen dieser Onlinekurs geeignet ist und f\u00fcr wen nicht, was das Ziel dieses Onlinekurses ist, und was es sonst noch zu beachten gibt.<\/strong><\/span><\/p>\n<p align=\"left\"><em>Der Kurs ist f\u00fcr Menschen gedacht, die wenig Selbstwertgef\u00fchl haben, evt. unter leichten bis mittelschweren Depressionen, Burnout oder \u00c4ngsten leiden und mit Hilfe von EFT lernen m\u00f6chten, ihre negativen Gedanken- und Verhaltensmuster zu ver\u00e4ndern, ihre belastenden Emotionen zu lindern und sich selbst so zu lieben und zu akzeptieren, wie sie sind.<\/em><\/p>\n<p align=\"left\"><em>Ziel dieses Kurses kann nicht die Heilung von Depressionen sein, sondern das Erlernen der Technik EFT, um damit selbst\u00e4ndig arbeiten zu k\u00f6nnen. Die Teilnahme am Kurs kann eine Psychotherapie oder den Besuch beim Arzt nicht ersetzen.<\/em><\/p>\n<p align=\"left\"><em>Bei schweren psychischen Erkrankungen wie z.B. schweren Depressionen, akuten Psychosen, schweren Zwangssymptomen, schweren Traumatisierungen, Drogenmissbrauch, selbstverletzendem Verhalten, Suizidgedanken, sowie bei schweren k\u00f6rperlichen Erkrankungen ist dieser Selbsthilfekurs NICHT geeignet!!! In diesem Fall ist eine pers\u00f6nliche, ggf. \u00e4rztliche Betreuung unerl\u00e4sslich.<\/em><\/p>\n<p align=\"left\"><em>Noch ein rechtlicher Hinweis: Die Technik EFT, wie ich sie hier verwende, ist meine eigene Weiterentwicklung und entspricht nicht mehr dem originalen Goldstandard des Entwicklers Gary Craig.<\/em><\/p>\n","protected":false},"excerpt":{"rendered":"<p>&nbsp; In diesem Video erkl\u00e4re ich genau, f\u00fcr wen dieser Onlinekurs geeignet ist und f\u00fcr wen nicht, was das Ziel dieses Onlinekurses [&hellip;]<\/p>\n","protected":false},"author":1,"featured_media":0,"parent":0,"menu_order":0,"comment_status":"closed","ping_status":"closed","template":"","meta":{"footnotes":""},"class_list":["post-1279","page","type-page","status-publish","hentry"],"_links":{"self":[{"href":"https:\/\/onlinekurs.seelenklopfen.de\/index.php\/wp-json\/wp\/v2\/pages\/1279","targetHints":{"allow":["GET"]}}],"collection":[{"href":"https:\/\/onlinekurs.seelenklopfen.de\/index.php\/wp-json\/wp\/v2\/pages"}],"about":[{"href":"https:\/\/onlinekurs.seelenklopfen.de\/index.php\/wp-json\/wp\/v2\/types\/page"}],"author":[{"embeddable":true,"href":"https:\/\/onlinekurs.seelenklopfen.de\/index.php\/wp-json\/wp\/v2\/users\/1"}],"replies":[{"embeddable":true,"href":"https:\/\/onlinekurs.seelenklopfen.de\/index.php\/wp-json\/wp\/v2\/comments?post=1279"}],"version-history":[{"count":9,"href":"https:\/\/onlinekurs.seelenklopfen.de\/index.php\/wp-json\/wp\/v2\/pages\/1279\/revisions"}],"predecessor-version":[{"id":1282,"href":"https:\/\/onlinekurs.seelenklopfen.de\/index.php\/wp-json\/wp\/v2\/pages\/1279\/revisions\/1282"}],"wp:attachment":[{"href":"https:\/\/onlinekurs.seelenklopfen.de\/index.php\/wp-json\/wp\/v2\/media?parent=1279"}],"curies":[{"name":"wp","href":"https:\/\/api.w.org\/{rel}","templated":true}]}}