
{"id":1339,"date":"2021-04-25T16:22:15","date_gmt":"2021-04-25T14:22:15","guid":{"rendered":"https:\/\/onlinekurs.seelenklopfen.de\/index.php\/impressum-2\/"},"modified":"2021-05-04T17:11:41","modified_gmt":"2021-05-04T15:11:41","slug":"impressum-2","status":"publish","type":"page","link":"https:\/\/onlinekurs.seelenklopfen.de\/index.php\/impressum-2\/","title":{"rendered":"Impressum"},"content":{"rendered":"<p><strong>Kontaktdaten:<\/strong><br \/>\nSabine K\u00f6nig<br \/>\nHinter den Hecken 10<br \/>\n50129 Bergheim<br \/>\nTelefon: 01520-7935789<br \/>\nE-Mail: <a href=\"mailto:info@seelenklopfen.de\">info@seelenklopfen.de<\/a><\/p>\n<p>Berufsbezeichnung: Heilpraktikerin (eingeschr\u00e4nkt auf den Bereich Psychotherapie), verliehen am 29.11.2017 durch das Gesundheitsamt der Stadt K\u00f6ln, Neumarkt 15-21, 50667 K\u00f6ln<br \/>\nAufsichtsbeh\u00f6rde: Gesundheitsamt Bergheim, Willy-Brandt-Platz 1, 50126 Bergheim<br \/>\nUmsatzsteuer: Heilkundliche T\u00e4tigkeit ist grunds\u00e4tzlich von der Umsatzsteuer befreit (gem\u00e4\u00df \u00a7 4 Nr. 14 UStG).<br \/>\nDie Onlinekurse fallen unter die Kleinunternehmerregelung nach \u00a719 UStG.<\/p>\n<h4>Disclaimer \u2013 rechtliche Hinweise<\/h4>\n<p>\u00a7 1 Warnhinweis zu kostenlosen Inhalten<br \/>\nDie kostenlosen und frei zug\u00e4nglichen Inhalte dieser Webseite wurden mit gr\u00f6\u00dftm\u00f6glicher Sorgfalt erstellt. Der Anbieter dieser Webseite \u00fcbernimmt jedoch keine Gew\u00e4hr f\u00fcr die Richtigkeit und Aktualit\u00e4t der bereitgestellten kostenlosen und frei zug\u00e4nglichen journalistischen Ratgeber und Nachrichten. Namentlich gekennzeichnete Beitr\u00e4ge geben die Meinung des jeweiligen Autors und nicht immer die Meinung des Anbieters wieder. Allein durch den Aufruf der kostenlosen und frei zug\u00e4nglichen Inhalte kommt keinerlei Vertragsverh\u00e4ltnis zwischen dem Nutzer und dem Anbieter zustande, insoweit fehlt es am Rechtsbindungswillen des Anbieters.<\/p>\n<p>\u00a7 2 Warnhinweis zu kostenpflichtigen Inhalten<\/p>\n<p>Die kostenpflichtigen Inhalte dieser Website wurden mit gr\u00f6\u00dftm\u00f6glicher Sorgfalt erstellt. Der Anbieter dieser Website \u00fcbernimmt jedoch keine Haftung f\u00fcr etwaige negative Auswirkungen der dargestellten Videos. Die Verwendung des Onlinekurses erfolgt vollst\u00e4ndig auf eigene Verantwortung und kann nicht den Besuch beim Arzt, Heilpraktiker oder Psychotherapeuten ersetzen. In bestimmten F\u00e4llen ist die Verwendung des Onlinekurses zur unbegleiteten Selbsthilfe nicht geeignet, z.B. bei schweren psychischen Erkrankungen wie schweren Depressionen, akuten Psychosen, schweren Zwangssymptomen, schweren Traumatisierungen, Drogenmissbrauch, selbstverletzendem Verhalten, Suizidgedanken etc.,\u00a0 sowie bei schweren k\u00f6rperlichen Erkrankungen. In diesem Fall ist eine pers\u00f6nliche, ggf. \u00e4rztliche Betreuung unerl\u00e4sslich, und der Onlinekurs wird nicht empfohlen.<\/p>\n<p>\u00a7 3 Externe Links<br \/>\nDiese Website enth\u00e4lt Verkn\u00fcpfungen zu Websites Dritter (\u201eexterne Links\u201c). Diese Websites unterliegen der Haftung der jeweiligen Betreiber. Der Anbieter hat bei der erstmaligen Verkn\u00fcpfung der externen Links die fremden Inhalte daraufhin \u00fcberpr\u00fcft, ob etwaige Rechtsverst\u00f6\u00dfe bestehen. Zu dem Zeitpunkt waren keine Rechtsverst\u00f6\u00dfe ersichtlich. Der Anbieter hat keinerlei Einfluss auf die aktuelle und zuk\u00fcnftige Gestaltung und auf die Inhalte der verkn\u00fcpften Seiten. Das Setzen von externen Links bedeutet nicht, dass sich der Anbieter die hinter dem Verweis oder Link liegenden Inhalte zu Eigen macht. Eine st\u00e4ndige Kontrolle der externen Links ist f\u00fcr den Anbieter ohne konkrete Hinweise auf Rechtsverst\u00f6\u00dfe nicht zumutbar. Bei Kenntnis von Rechtsverst\u00f6\u00dfen werden jedoch derartige externe Links unverz\u00fcglich gel\u00f6scht.<\/p>\n<p>\u00a7 4 Urheber- und Leistungsschutzrechte<br \/>\nDie auf dieser Website ver\u00f6ffentlichten Inhalte unterliegen dem deutschen Urheber- und Leistungsschutzrecht. Jede vom deutschen Urheber- und Leistungsschutzrecht nicht zugelassene Verwertung bedarf der vorherigen schriftlichen Zustimmung des Anbieters oder jeweiligen Rechteinhabers. Dies gilt insbesondere f\u00fcr Vervielf\u00e4ltigung, Bearbeitung, \u00dcbersetzung, Einspeicherung, Verarbeitung bzw. Wiedergabe von Inhalten in Datenbanken oder anderen elektronischen Medien und Systemen. Inhalte und Rechte Dritter sind dabei als solche gekennzeichnet. Die unerlaubte Vervielf\u00e4ltigung oder Weitergabe einzelner Inhalte oder kompletter Seiten ist nicht gestattet und strafbar. Lediglich die Herstellung von Kopien und Downloads f\u00fcr den pers\u00f6nlichen, privaten und nicht kommerziellen Gebrauch ist erlaubt. Die Darstellung dieser Website in fremden Frames ist nur mit schriftlicher Erlaubnis zul\u00e4ssig.<\/p>\n<p>\u00a7 5 Besondere Nutzungsbedingungen<br \/>\nSoweit besondere Bedingungen f\u00fcr einzelne Nutzungen dieser Website von den vorgenannten Paragraphen abweichen, wird an entsprechender Stelle ausdr\u00fccklich darauf hingewiesen. In diesem Falle gelten im jeweiligen Einzelfall die besonderen Nutzungsbedingungen.<\/p>\n<p>Quelle: <a href=\"https:\/\/www.juraforum.de\/impressum-generator\/\">Impressum Muster von JuraForum.de<\/a><\/p>\n<p><strong>Bildnachweise:<\/strong><br \/>\nPortraitfotos: Irmgard Brand www.irmgard-brand.de<br \/>\nwww.unsplash.com (freie Lizenz &#8222;Creative Commons&#8220;), Informationen unter https:\/\/unsplash.com\/license<br \/>\nwww.pexels.com (freie Lizenz &#8222;Creative Commons&#8220;), Informationen unter https:\/\/www.pexels.com\/de\/fotolizenz\/<\/p>\n<div class=\"entry-content\">\n<div class=\"woocommerce woocommerce-gzd woocommerce-gzd-complaints-shortcode\">\n<p><strong>Alternative Streitbeilegung gem\u00e4\u00df Art. 14 Abs. 1 ODR-VO und \u00a7 36 VSBG:<\/strong><\/p>\n<p>Die Europ\u00e4ische Kommission stellt eine Plattform zur Online-Streitbeilegung (OS) bereit, die du unter <a href=\"https:\/\/ec.europa.eu\/consumers\/odr\" target=\"_blank\" rel=\"noopener\">https:\/\/ec.europa.eu\/consumers\/odr<\/a> findest. Zur Teilnahme an einem Streitbeilegungsverfahren vor einer Verbraucherschlichtungsstelle sind wir nicht verpflichtet und nicht bereit.<\/p>\n<\/div>\n<\/div>\n","protected":false},"excerpt":{"rendered":"<p>Kontaktdaten: Sabine K\u00f6nig Hinter den Hecken 10 50129 Bergheim Telefon: 01520-7935789 E-Mail: info@seelenklopfen.de Berufsbezeichnung: Heilpraktikerin (eingeschr\u00e4nkt auf den Bereich Psychotherapie), verliehen am [&hellip;]<\/p>\n","protected":false},"author":1,"featured_media":0,"parent":0,"menu_order":0,"comment_status":"closed","ping_status":"closed","template":"","meta":{"footnotes":""},"class_list":["post-1339","page","type-page","status-publish","hentry"],"_links":{"self":[{"href":"https:\/\/onlinekurs.seelenklopfen.de\/index.php\/wp-json\/wp\/v2\/pages\/1339","targetHints":{"allow":["GET"]}}],"collection":[{"href":"https:\/\/onlinekurs.seelenklopfen.de\/index.php\/wp-json\/wp\/v2\/pages"}],"about":[{"href":"https:\/\/onlinekurs.seelenklopfen.de\/index.php\/wp-json\/wp\/v2\/types\/page"}],"author":[{"embeddable":true,"href":"https:\/\/onlinekurs.seelenklopfen.de\/index.php\/wp-json\/wp\/v2\/users\/1"}],"replies":[{"embeddable":true,"href":"https:\/\/onlinekurs.seelenklopfen.de\/index.php\/wp-json\/wp\/v2\/comments?post=1339"}],"version-history":[{"count":4,"href":"https:\/\/onlinekurs.seelenklopfen.de\/index.php\/wp-json\/wp\/v2\/pages\/1339\/revisions"}],"predecessor-version":[{"id":1391,"href":"https:\/\/onlinekurs.seelenklopfen.de\/index.php\/wp-json\/wp\/v2\/pages\/1339\/revisions\/1391"}],"wp:attachment":[{"href":"https:\/\/onlinekurs.seelenklopfen.de\/index.php\/wp-json\/wp\/v2\/media?parent=1339"}],"curies":[{"name":"wp","href":"https:\/\/api.w.org\/{rel}","templated":true}]}}