
{"id":1340,"date":"2021-04-25T16:22:15","date_gmt":"2021-04-25T14:22:15","guid":{"rendered":"https:\/\/onlinekurs.seelenklopfen.de\/index.php\/agb\/"},"modified":"2021-05-04T16:58:59","modified_gmt":"2021-05-04T14:58:59","slug":"agb","status":"publish","type":"page","link":"https:\/\/onlinekurs.seelenklopfen.de\/index.php\/agb\/","title":{"rendered":"AGB"},"content":{"rendered":"<h1>Allgemeine Gesch\u00e4ftsbedingungen mit Kundeninformationen<\/h1>\n<h2>Inhaltsverzeichnis<\/h2>\n<ol>\n<li>Geltungsbereich<\/li>\n<li>Leistungen des Anbieters<\/li>\n<li>Vertragsschluss<\/li>\n<li>Widerrufsrecht<\/li>\n<li>Preise und Zahlungsbedingungen<\/li>\n<li>Unterschreitung der Mindestteilnehmerzahl bei Online-Live-Kursen<\/li>\n<li>\u00c4nderungen oder Ausfall von Online-Live-Kursen<\/li>\n<li>Inhalte der Leistungen und Lehrmaterial<\/li>\n<li>Einr\u00e4umung von Nutzungsrechten an digitalen Inhalten und \u00dcberlassung<\/li>\n<li>M\u00e4ngelhaftung<\/li>\n<li>Haftung<\/li>\n<li>Anwendbares Recht<\/li>\n<li>Alternative Streitbeilegung<\/li>\n<li>Disclaimer \/ Warnhinweise<\/li>\n<\/ol>\n<h2>1) Geltungsbereich<\/h2>\n<p><b>1.1<\/b>\u2009Diese Allgemeinen Gesch\u00e4ftsbedingungen (nachfolgend &#8222;AGB&#8220;) der Sabine K\u00f6nig, handelnd unter &#8222;Praxis f\u00fcr Beratung und Therapie&#8220; (nachfolgend &#8222;Anbieter&#8220;), gelten f\u00fcr alle Vertr\u00e4ge \u00fcber die Teilnahme an Online-Live-Kurse und die Lieferung von digitalen Inhalten (nachstehend \u201eLeistungen\u201c), die ein Verbraucher oder Unternehmer (nachfolgend \u201eKunde\u201c) mit dem Anbieter hinsichtlich der auf der Website des Anbieters dargestellten Leistungen abschlie\u00dft.<\/p>\n<p>Hiermit wird der Einbeziehung von eigenen Bedingungen des Kunden widersprochen, es sei denn, es ist etwas anderes vereinbart.<\/p>\n<p><b>1.2<\/b>\u2009Unternehmer im Sinne dieser AGB ist eine nat\u00fcrliche oder juristische Person oder eine rechtsf\u00e4hige Personengesellschaft, die bei Abschluss eines Rechtsgesch\u00e4fts in Aus\u00fcbung ihrer gewerblichen oder selbst\u00e4ndigen beruflichen T\u00e4tigkeit handelt. Verbraucher im Sinne dieser AGB ist jede nat\u00fcrliche Person, die ein Rechtsgesch\u00e4ft zu Zwecken abschlie\u00dft, die \u00fcberwiegend weder ihrer gewerblichen noch ihrer selbst\u00e4ndigen beruflichen T\u00e4tigkeit zugerechnet werden k\u00f6nnen.<\/p>\n<p><b>1.3<\/b>\u2009Digitale Inhalte im Sinne dieser AGB sind alle nicht auf einem k\u00f6rperlichen Datentr\u00e4ger befindlichen Daten, die in digitaler Form hergestellt und vom Anbieter unter Einr\u00e4umung bestimmter in diesen AGB genauer geregelten Nutzungsrechte bereitgestellt werden.<\/p>\n<h2>2) Leistungen des Anbieters<\/h2>\n<p><b>2.1<\/b>\u2009Der Anbieter h\u00e4lt einerseits Online-Live-Kurse ab und liefert andererseits \u00fcber seine Website digitale Inhalte. Die Inhalte der Online-Live-Kurse und der Gegenstand der digitalen Inhalte ergeben sich aus der jeweiligen Leistungsbeschreibung auf der Website des Anbieters.<\/p>\n<p><b>2.2<\/b>\u2009Soweit der Anbieter Online-Live-Kurse abh\u00e4lt, erbringt er seine Leistungen ausschlie\u00dflich in elektronischer Form per Online-Video-Konferenz unter Einsatz entsprechender technischer Mittel. Hierzu stellt der Anbieter dem Kunden vor Beginn einer Video-Konferenz eine passende Anwendungssoftware zur Verf\u00fcgung. Zur fehlerfreien Teilnahme an der Online-Video-Konferenz muss das System des Kunden bestimmte Mindestvoraussetzungen erf\u00fcllen, die dem Kunden auf der Website des Anbieters mitgeteilt werden. F\u00fcr die Einhaltung der Systemvoraussetzungen tr\u00e4gt der Kunde die Verantwortung. Der Anbieter haftet nicht f\u00fcr technische Probleme, die auf mangelhafte Systemvoraussetzungen beim Kunden zur\u00fcckzuf\u00fchren sind.<\/p>\n<p><b>2.3<\/b>\u2009Der Anbieter erbringt seine Leistungen durch qualifiziertes, von ihm ausgew\u00e4hltes Personal. Dabei kann sich der Anbieter auch der Leistungen Dritter (Subunternehmer) bedienen, die in seinem Auftrag t\u00e4tig werden. Sofern sich aus den Beschreibungen des Anbieters nichts anderes ergibt, hat der Kunde keinen Anspruch auf Auswahl einer bestimmten Person zur Erbringung der beauftragten Leistung.<\/p>\n<p><b>2.4<\/b>\u2009Der Anbieter erbringt seine Leistungen mit gr\u00f6\u00dfter Sorgfalt und nach bestem Wissen und Gewissen. Einen bestimmten Erfolg schuldet der Anbieter aber nicht. Insbesondere \u00fcbernimmt der Anbieter keine Gew\u00e4hr daf\u00fcr, dass sich beim Kunden ein bestimmter Lernerfolg einstellt oder dass der Kunde ein bestimmtes Leistungsziel erreicht. Dies ist nicht zuletzt auch vom pers\u00f6nlichen Einsatz und Willen des Kunden abh\u00e4ngig, auf den der Anbieter keinen Einfluss hat.<\/p>\n<p><b>2.5<\/b>\u2009Soweit der Anbieter digitale Inhalte liefert, erfolgt die Lieferung ausschlie\u00dflich \u00fcber die Bereitstellung eines Online-Video-Streams unter Einsatz entsprechender technischer Mittel. F\u00fcr die ordnungsgem\u00e4\u00dfe Reproduktion des Streams muss das System des Kunden bestimmte Mindestvoraussetzungen erf\u00fcllen, die dem Kunden auf der Website des Anbieters mitgeteilt werden. F\u00fcr die Einhaltung der Systemvoraussetzungen tr\u00e4gt der Kunde die Verantwortung. Der Anbieter haftet nicht f\u00fcr technische Probleme, die auf mangelhafte Systemvoraussetzungen beim Kunden zur\u00fcckzuf\u00fchren sind.<\/p>\n<h2>3) Vertragsschluss<\/h2>\n<p><b>3.1<\/b>\u2009Die auf der Website des Anbieters beschriebenen Leistungen stellen keine verbindlichen Angebote seitens des Anbieters dar, sondern dienen zur Abgabe eines verbindlichen Angebots durch den Kunden.<\/p>\n<p><b>3.2<\/b>\u2009Der Kunde kann sein Angebot \u00fcber das auf der Website des Anbieters bereitgestellte Online-Formular abgeben. Dabei gibt der Kunde, nachdem er seine Daten in das Formular eingetragen hat, durch Klicken des den Anmeldevorgang abschlie\u00dfenden Buttons ein rechtlich verbindliches Vertragsangebot in Bezug auf die ausgew\u00e4hlte Leistung ab. Ferner kann der Kunde das Angebot auch telefonisch, per Fax, per E-Mail oder postalisch gegen\u00fcber dem Anbieter abgeben.<\/p>\n<p><b>3.3<\/b>\u2009Der Anbieter kann das Angebot des Kunden innerhalb von f\u00fcnf Tagen annehmen,<\/p>\n<ul>\n<li>indem er dem Kunden eine schriftliche Anmeldebest\u00e4tigung oder eine Anmeldebest\u00e4tigung in Textform (Fax oder E-Mail) \u00fcbermittelt, wobei insoweit der Zugang der Anmeldebest\u00e4tigung beim Kunden ma\u00dfgeblich ist, oder<\/li>\n<li>indem er den Kunden nach Abgabe von dessen Vertragserkl\u00e4rung zur Zahlung auffordert<\/li>\n<\/ul>\n<p>Liegen mehrere der vorgenannten Alternativen vor, kommt der Vertrag in dem Zeitpunkt zustande, in dem eine der vorgenannten Alternativen zuerst eintritt. Nimmt der Anbieter das Angebot des Kunden innerhalb vorgenannter Frist nicht an, so gilt dies als Ablehnung des Angebots mit der Folge, dass der Kunde nicht mehr an seine Willenserkl\u00e4rung gebunden ist. Im Falle der Abhaltung eines Online-Live-Kurses gilt Gleiches f\u00fcr den Fall, dass der vom Kunden ausgew\u00e4hlte Kurs schon vor Ablauf der Annahmefrist beginnt und der Anbieter das Angebot des Kunden nicht bis sp\u00e4testens 24 Stunden vor Beginn des Kurses annimmt, sofern zwischen den Parteien nichts anderes vereinbart wurde.<\/p>\n<p><b>3.4<\/b>\u2009Bei der Abgabe eines Angebots \u00fcber das Online-Formular des Anbieters wird der Vertragstext nach dem Vertragsschluss vom Anbieter gespeichert und dem Kunden nach Absendung von dessen Angebot in Textform (z. B. E-Mail, Fax oder Brief) \u00fcbermittelt. Eine dar\u00fcberhinausgehende Zug\u00e4nglichmachung des Vertragstextes durch den Anbieter erfolgt nicht. Sofern der Kunde vor Absendung des Angebots ein Nutzerkonto auf der Website des Anbieters eingerichtet hat, werden die Daten \u00fcber die beauftragte Leistung auf der Website des Anbieters archiviert und k\u00f6nnen vom Kunden \u00fcber dessen passwortgesch\u00fctztes Nutzerkonto unter Angabe der entsprechenden Login-Daten kostenlos abgerufen werden.<\/p>\n<p><b>3.5<\/b>\u2009Vor verbindlicher Abgabe des Angebots \u00fcber das Online-Formular kann der Kunde seine Eingaben laufend \u00fcber die \u00fcblichen Tastatur- und Mausfunktionen korrigieren. Dar\u00fcber hinaus werden alle Eingaben vor der verbindlichen Abgabe des Angebots noch einmal in einem Best\u00e4tigungsfenster angezeigt und k\u00f6nnen auch dort mittels der \u00fcblichen Tastatur- und Mausfunktionen korrigiert werden.<\/p>\n<p><b>3.6<\/b>\u2009F\u00fcr den Vertragsschluss steht ausschlie\u00dflich die deutsche Sprache zur Verf\u00fcgung.<\/p>\n<p><b>3.7<\/b>\u2009Kontaktaufnahmen des Anbieters zur Vertragsabwicklung finden in der Regel per E-Mail statt. Der Kunde hat sicherzustellen, dass die von ihm bei der Abgabe des Angebots angegebene E-Mail-Adresse zutreffend ist, sodass unter dieser Adresse die vom Anbieter versandten E-Mails empfangen werden k\u00f6nnen. Insbesondere hat der Kunde bei dem Einsatz von SPAM-Filtern sicherzustellen, dass alle vom Anbieter oder von diesem mit der Vertragsabwicklung beauftragten Dritten versandten E-Mails zugestellt werden k\u00f6nnen.<\/p>\n<h2>4) Widerrufsrecht<\/h2>\n<p>N\u00e4here Informationen zum Widerrufsrecht ergeben sich aus der Widerrufsbelehrung des Anbieters.<\/p>\n<h2>5) Preise und Zahlungsbedingungen<\/h2>\n<p><b>5.1<\/b>\u2009Die vom Anbieter angegebenen Preise sind Gesamtpreise. Umsatzsteuer wird nicht ausgewiesen, da der Anbieter Kleinunternehmer im Sinne des UStG ist.<\/p>\n<p><b>5.2<\/b>\u2009Dem Kunden stehen verschiedene Zahlungsm\u00f6glichkeiten zur Verf\u00fcgung, die auf der Website des Anbieters angegeben werden.<\/p>\n<p><b>5.3<\/b>\u2009Bei Zahlungen in L\u00e4ndern au\u00dferhalb der Europ\u00e4ischen Union k\u00f6nnen im Einzelfall weitere Kosten anfallen, die der Anbieter nicht zu vertreten hat und die vom Kunden zu tragen sind. Hierzu z\u00e4hlen beispielsweise Kosten f\u00fcr die Geld\u00fcbermittlung durch Kreditinstitute (z.B. \u00dcberweisungsgeb\u00fchren, Wechselkursgeb\u00fchren).<\/p>\n<p><b>5.4<\/b>\u2009Ist Vorauskasse per Bank\u00fcberweisung vereinbart, ist die Zahlung sofort nach Vertragsabschluss f\u00e4llig, sofern die Parteien keinen sp\u00e4teren F\u00e4lligkeitstermin vereinbart haben.<\/p>\n<p><b>5.5<\/b>\u2009Bei Zahlung mittels einer von PayPal angebotenen Zahlungsart erfolgt die Zahlu ngsabwicklung \u00fcber den Zahlungsdienstleister PayPal (Europe) S.\u00e0 r.l. et Cie, S.C.A., 22-24 Boulevard Royal, L-2449 Luxembourg (im Folgenden: \u201ePayPal\u201c), unter Geltung der PayPal-Nutzungsbedingungen, einsehbar unter https:\/\/www.paypal.com\/de\/webapps\/mpp\/ua\/useragreement-full oder &#8211; falls der Kunde nicht \u00fcber ein PayPal-Konto verf\u00fcgt \u2013 unter Geltung der Bedingungen f\u00fcr Zahlungen ohne PayPal-Konto, einsehbar unter https:\/\/www.paypal.com\/de\/webapps\/mpp\/ua\/privacywax-full.<\/p>\n<h2>6) Unterschreitung der Mindestteilnehmerzahl bei Online-Live-Kursen<\/h2>\n<p><b>6.1<\/b>\u2009Der Anbieter kann f\u00fcr seine Online-Live-Kurse eine Mindestteilnehmerzahl bestimmen. Bei Bestimmung einer Mindestteilnehmerzahl wird der Anbieter hierauf im Rahmen der Kursbeschreibung ausdr\u00fccklich hinweisen.<\/p>\n<p><b>6.2<\/b>\u2009Bei Unterschreitung der Mindestteilnehmerzahl kann der Anbieter bis sp\u00e4testens sieben Tage vor Kursbeginn durch Erkl\u00e4rung gegen\u00fcber dem Kunden vom Vertrag zur\u00fccktreten. Sind mehrere Leistungen Gegenstand des Vertrages, ist in den vorbenannten F\u00e4llen der R\u00fccktritt durch den Anbieter auf die von der Unterschreitung der Mindestteilnehmerzahl betroffene Leistung beschr\u00e4nkt (\u201eTeilr\u00fccktritt\u201c). Auf die \u00fcbrigen vereinbarten Leistungen bleibt der Teilr\u00fccktritt ohne Auswirkungen. Der Anbieter wird dem Kunden seine R\u00fccktrittserkl\u00e4rung unverz\u00fcglich nach Kenntnis der nicht erreichten Teilnehmerzahl, sp\u00e4testens bis sieben Tage vor Kursbeginn zugehen lassen.<\/p>\n<p><b>6.3<\/b>\u2009Macht der Anbieter von seinem R\u00fccktrittsrecht gem\u00e4\u00df vorstehender Ziffer Gebrauch, so kann der Kunde die Teilnahme an einem mindestens gleichwertigen anderen Online-Live-Kurs verlangen, wenn der Anbieter in der Lage ist, einen solchen ohne Aufpreis f\u00fcr den Kunden aus seinem Angebot anzubieten. Der Kunde hat sein Verlangen unverz\u00fcglich nach Zugang der Erkl\u00e4rung des Anbieters diesem gegen\u00fcber geltend zu machen.<\/p>\n<p><b>6.4<\/b>\u2009Macht der Kunde nicht von seinem Recht gem\u00e4\u00df vorstehender Ziffer Gebrauch, so wird der Anbieter dem Kunden ein f\u00fcr die Teilnahme am betroffenen Online-Live-Kurs bereits gezahltes Entgelt unverz\u00fcglich zur\u00fcckerstatten. Hierbei verwendet der Anbieter dasselbe Zahlungsmittel, das der Kunde bei der urspr\u00fcnglichen Transaktion eingesetzt hat, es sei denn, es wurde ausdr\u00fccklich etwas anderes vereinbart.<\/p>\n<h2>7) \u00c4nderungen oder Ausfall von Online-Live-Kursen<\/h2>\n<p><b>7.1<\/b>\u2009Der Anbieter beh\u00e4lt sich vor, Zeit, Kursleiter und\/oder Inhalt der Online-Live-Kurse zu \u00e4ndern, sofern die \u00c4nderung unter Ber\u00fccksichtigung der Interessen des Anbieters f\u00fcr den Kunden zumutbar ist. Zumutbar sind nur unerhebliche Leistungs\u00e4nderungen, die nach Vertragsabschluss notwendig werden und nicht vom Anbieter wider Treu und Glauben herbeigef\u00fchrt wurden. Der Anbieter wird den Kunden im Falle einer \u00c4nderung von Zeit, Kursleiter und\/oder Kursinhalt rechtzeitig hier\u00fcber informieren.<\/p>\n<p><b>7.2<\/b>\u2009Bei einer erheblichen Leistungs\u00e4nderung kann der Kunde kostenlos vom Vertrag zur\u00fccktreten oder stattdessen die Teilnahme an einem mindestens gleichwertigen anderen Online-Live-Kurs verlangen, wenn der Anbieter in der Lage ist, einen solchen ohne Aufpreis f\u00fcr den Kunden aus seinem Angebot anzubieten.<\/p>\n<p><b>7.3<\/b>\u2009Sind mehrere Leistungen Gegenstand des Vertrages, ist in den vorbenannten F\u00e4llen der R\u00fccktritt durch den Kunden auf die von der \u00c4nderung betroffene Leistung beschr\u00e4nkt (\u201eTeilr\u00fccktritt\u201c). Auf die \u00fcbrigen vereinbarten Leistungen bleibt der Teilr\u00fccktritt ohne Auswirkungen. Vom ganzen Vertrag kann der Kunde nur zur\u00fccktreten, wenn er an den \u00fcbrigen vereinbarten Leistungen kein Interesse hat.<\/p>\n<p><b>7.4<\/b>\u2009Die Rechte gem\u00e4\u00df vorstehender Ziffer hat der Kunde unverz\u00fcglich nach der Information des Anbieters \u00fcber die Leistungs\u00e4nderung diesem gegen\u00fcber geltend zu machen.<\/p>\n<p><b>7.5<\/b>\u2009Der Anbieter ist berechtigt, Online-Live-Kurse aus wichtigen Gr\u00fcnden, wie etwa h\u00f6herer Gewalt oder Erkrankung des Kursleiters, kurzfristig gegen volle Erstattung eines ggf. bereits gezahlten Teilnahmeentgelts abzusagen. Der Anbieter wird sich bei Ausfall des Online-Live-Kurses um einen Ersatztermin bem\u00fchen.<\/p>\n<h2>8) Inhalte der Leistungen und Lehrmaterial<\/h2>\n<p><b>8.1<\/b>\u2009Der Anbieter ist Inhaber s\u00e4mtlicher Nutzungsrechte, die zur Erbringung der Leistungen erforderlich sind. Dies gilt auch im Hinblick auf Lehrunterlagen, die dem Kunden gegebenenfalls im Zusammenhang mit der Leistungserbringung \u00fcberlassen werden.<\/p>\n<p><b>8.2<\/b>\u2009Etwaiges leistungsbegleitendes Lehrmaterial (z. B. Lehrunterlagen) wird dem Kunden ausschlie\u00dflich in elektronischer Form per E-Mail oder zum Download zur Verf\u00fcgung gestellt. Sofern nichts anderes vereinbart ist, hat der Kunde keinen Anspruch auf \u00dcberlassung des Lehrmaterials in k\u00f6rperlicher Form.<\/p>\n<p><b>8.3<\/b>\u2009Der Kunde darf die Inhalte der Leistungen einschlie\u00dflich gegebenenfalls \u00fcberlassener Lehrunterlagen lediglich in dem Umfang nutzen, der nach dem von beiden Parteien zugrunde gelegten Vertragszweck erforderlich ist. Ohne gesonderte Erlaubnis des Anbieters ist der Kunde insbesondere nicht berechtigt, Inhalte der Leistungen oder Teile daraus aufzuzeichnen oder Lehrunterlagen zu vervielf\u00e4ltigen, zu verbreiten oder \u00f6ffentlich zug\u00e4nglich zu machen.<\/p>\n<h2>9) Einr\u00e4umung von Nutzungsrechten an digitalen Inhalten und \u00dcberlassung<\/h2>\n<p><b>9.1<\/b>\u2009Die \u00dcberlassung von digitalen Inhalten erfolgt ausschlie\u00dflich \u00fcber die Bereitstellung eines Online-Video-Streams unter Einsatz entsprechender technischer Mittel.<\/p>\n<p><b>9.2<\/b>\u2009Sofern sich aus den Inhaltsbeschreibungen auf der Website des Anbieters nichts anderes ergibt, r\u00e4umt der Anbieter dem Kunden an den \u00fcberlassenen digitalen Inhalten das nicht ausschlie\u00dfliche, \u00f6rtlich und zeitlich unbeschr\u00e4nkte Recht ein, die \u00fcberlassenen Inhalte ausschlie\u00dflich zu privaten Zwecken zu nutzen.<\/p>\n<p><b>9.3<\/b>\u2009Die Rechtseinr\u00e4umung wird erst wirksam, wenn der Kunde die vertraglich geschuldete Verg\u00fctung vollst\u00e4ndig geleistet hat. Der Anbieter kann eine Benutzung der vertragsgegenst\u00e4ndlichen Inhalte auch schon vor diesem Zeitpunkt vorl\u00e4ufig erlauben. Ein \u00dcbergang der Rechte findet durch eine solche vorl\u00e4ufige Erlaubnis nicht statt.<\/p>\n<h2>10) M\u00e4ngelhaftung<\/h2>\n<p>Es gilt die gesetzliche M\u00e4ngelhaftung.<\/p>\n<h2>11) Haftung<\/h2>\n<p>Der Anbieter haftet dem Kunden aus allen vertraglichen, vertrags\u00e4hnlichen und gesetzlichen, auch deliktischen Anspr\u00fcchen auf Schadens- und Aufwendungsersatz wie folgt:<\/p>\n<p><b>11.1<\/b>\u2009Der Anbieter haftet aus jedem Rechtsgrund uneingeschr\u00e4nkt<\/p>\n<ul>\n<li>bei Vorsatz oder grober Fahrl\u00e4ssigkeit,<\/li>\n<li>bei vors\u00e4tzlicher oder fahrl\u00e4ssiger Verletzung des Lebens, des K\u00f6rpers oder der Gesundheit,<\/li>\n<li>aufgrund eines Garantieversprechens, soweit diesbez\u00fcglich nichts anderes geregelt ist,<\/li>\n<li>aufgrund zwingender Haftung wie etwa nach dem Produkthaftungsgesetz.<\/li>\n<\/ul>\n<p><b>11.2<\/b>\u2009Verletzt der Anbieter fahrl\u00e4ssig eine wesentliche Vertragspflicht, ist die Haftung auf den vertragstypischen, vorhersehbaren Schaden begrenzt, sofern nicht gem\u00e4\u00df vorstehender Ziffer unbeschr\u00e4nkt gehaftet wird. Wesentliche Vertragspflichten sind Pflichten, die der Vertrag dem Anbieter nach seinem Inhalt zur Erreichung des Vertragszwecks auferlegt, deren Erf\u00fcllung die ordnungsgem\u00e4\u00dfe Durchf\u00fchrung des Vertrags \u00fcberhaupt erst erm\u00f6glicht und auf deren Einhaltung der Kunde regelm\u00e4\u00dfig vertrauen darf.<\/p>\n<p><b>11.3<\/b>\u2009Im \u00dcbrigen ist eine Haftung des Anbieters ausgeschlossen.<\/p>\n<p><b>11.4<\/b>\u2009Vorstehende Haftungsregelungen gelten auch im Hinblick auf die Haftung des Anbieters f\u00fcr seine Erf\u00fcllungsgehilfen und gesetzlichen Vertreter.<\/p>\n<h2>12) Anwendbares Recht<\/h2>\n<p><b>12.1<\/b>\u2009F\u00fcr s\u00e4mtliche Rechtsbeziehungen der Parteien gilt das Recht der Bundesrepublik Deutschland unter Ausschluss der Gesetze \u00fcber den internationalen Kauf beweglicher Waren. Bei Verbrauchern gilt diese Rechtswahl nur insoweit, als nicht der gew\u00e4hrte Schutz durch zwingende Bestimmungen des Rechts des Staates, in dem der Verbraucher seinen gew\u00f6hnlichen Aufenthalt hat, entzogen wird.<\/p>\n<p><b>12.2<\/b>\u2009Ferner gilt diese Rechtswahl im Hinblick auf das gesetzliche Widerrufsrecht nicht bei Verbrauchern, die zum Zeitpunkt des Vertragsschlusses keinem Mitgliedstaat der Europ\u00e4ischen Union angeh\u00f6ren und deren alleiniger Wohnsitz und Lieferadresse zum Zeitpunkt des Vertragsschlusses au\u00dferhalb der Europ\u00e4ischen Union liegen.<\/p>\n<h2>13) Alternative Streitbeilegung<\/h2>\n<p><b>13.1<\/b>\u2009Die EU-Kommission stellt im Internet unter folgendem Link eine Plattform zur Online-Streitbeilegung bereit: https:\/\/ec.europa.eu\/consumers\/odr<\/p>\n<p>Diese Plattform dient als Anlaufstelle zur au\u00dfergerichtlichen Beilegung von Streitigkeiten aus Online-Kauf- oder Dienstleistungsvertr\u00e4gen, an denen ein Verbraucher beteiligt ist.<\/p>\n<p><b>13.2<\/b>\u2009Der Verk\u00e4ufer ist zur Teilnahme an einem Streitbeilegungsverfahren vor einer Verbraucherschlichtungsstelle weder verpflichtet noch bereit.<\/p>\n<h2>14) Disclaimer \/ Warnhinweise<\/h2>\n<p>Die kostenpflichtigen Inhalte dieser Website wurden mit gr\u00f6\u00dftm\u00f6glicher Sorgfalt erstellt. Der Anbieter dieser Website \u00fcbernimmt jedoch keine Haftung f\u00fcr etwaige negative Auswirkungen der dargestellten Videos. Die Verwendung des Onlinekurses erfolgt vollst\u00e4ndig auf eigene Verantwortung und kann nicht den Besuch beim Arzt, Heilpraktiker oder Psychotherapeuten ersetzen. In bestimmten F\u00e4llen ist die Verwendung des Onlinekurses zur unbegleiteten Selbsthilfe nicht geeignet, z.B. bei schweren psychischen Erkrankungen wie schweren Depressionen, akuten Psychosen, schweren Zwangssymptomen, schweren Traumatisierungen, Drogenmissbrauch, selbstverletzendem Verhalten, Suizidgedanken etc.,\u00a0 sowie bei schweren k\u00f6rperlichen Erkrankungen. In diesem Fall ist eine pers\u00f6nliche, ggf. \u00e4rztliche Betreuung unerl\u00e4sslich, und der Onlinekurs wird nicht empfohlen.<\/p>\n","protected":false},"excerpt":{"rendered":"<p>Allgemeine Gesch\u00e4ftsbedingungen mit Kundeninformationen Inhaltsverzeichnis Geltungsbereich Leistungen des Anbieters Vertragsschluss Widerrufsrecht Preise und Zahlungsbedingungen Unterschreitung der Mindestteilnehmerzahl bei Online-Live-Kursen \u00c4nderungen oder Ausfall [&hellip;]<\/p>\n","protected":false},"author":1,"featured_media":0,"parent":0,"menu_order":0,"comment_status":"closed","ping_status":"closed","template":"","meta":{"footnotes":""},"class_list":["post-1340","page","type-page","status-publish","hentry"],"_links":{"self":[{"href":"https:\/\/onlinekurs.seelenklopfen.de\/index.php\/wp-json\/wp\/v2\/pages\/1340","targetHints":{"allow":["GET"]}}],"collection":[{"href":"https:\/\/onlinekurs.seelenklopfen.de\/index.php\/wp-json\/wp\/v2\/pages"}],"about":[{"href":"https:\/\/onlinekurs.seelenklopfen.de\/index.php\/wp-json\/wp\/v2\/types\/page"}],"author":[{"embeddable":true,"href":"https:\/\/onlinekurs.seelenklopfen.de\/index.php\/wp-json\/wp\/v2\/users\/1"}],"replies":[{"embeddable":true,"href":"https:\/\/onlinekurs.seelenklopfen.de\/index.php\/wp-json\/wp\/v2\/comments?post=1340"}],"version-history":[{"count":3,"href":"https:\/\/onlinekurs.seelenklopfen.de\/index.php\/wp-json\/wp\/v2\/pages\/1340\/revisions"}],"predecessor-version":[{"id":1386,"href":"https:\/\/onlinekurs.seelenklopfen.de\/index.php\/wp-json\/wp\/v2\/pages\/1340\/revisions\/1386"}],"wp:attachment":[{"href":"https:\/\/onlinekurs.seelenklopfen.de\/index.php\/wp-json\/wp\/v2\/media?parent=1340"}],"curies":[{"name":"wp","href":"https:\/\/api.w.org\/{rel}","templated":true}]}}