
{"id":1902,"date":"2023-08-14T19:54:42","date_gmt":"2023-08-14T17:54:42","guid":{"rendered":"https:\/\/onlinekurs.seelenklopfen.de\/?page_id=1902"},"modified":"2023-09-05T19:48:38","modified_gmt":"2023-09-05T17:48:38","slug":"disclaimer-modul-12","status":"publish","type":"page","link":"https:\/\/onlinekurs.seelenklopfen.de\/index.php\/disclaimer-modul-12\/","title":{"rendered":"Disclaimer Modul 12"},"content":{"rendered":"<div style=\"width: 1170px;\" class=\"wp-video\"><video class=\"wp-video-shortcode\" id=\"video-1902-1\" width=\"1170\" height=\"658\" poster=\"https:\/\/onlinekurs.seelenklopfen.de\/wp-content\/uploads\/2023\/08\/Onlinekurs-M1206-Disclaimer-1.png\" preload=\"metadata\" controls=\"controls\"><source type=\"video\/mp4\" src=\"https:\/\/onlinekurs.seelenklopfen.de\/wp-content\/uploads\/2023\/08\/1206_Disclaimer_Modul12_720-1.mp4?_=1\" \/><a href=\"https:\/\/onlinekurs.seelenklopfen.de\/wp-content\/uploads\/2023\/08\/1206_Disclaimer_Modul12_720-1.mp4\">https:\/\/onlinekurs.seelenklopfen.de\/wp-content\/uploads\/2023\/08\/1206_Disclaimer_Modul12_720-1.mp4<\/a><\/video><\/div>\n<p>&nbsp;<\/p>\n<p align=\"left\"><span style=\"color: #ff6600;\"><strong>In diesem Video erkl\u00e4re ich genau, f\u00fcr wen dieser Onlinekurs geeignet ist und f\u00fcr wen nicht, was das Ziel dieses Onlinekurses ist, und was es sonst noch zu beachten gibt.<\/strong><\/span><\/p>\n<p align=\"left\">Der Kurs ist f\u00fcr Menschen gedacht, die grunds\u00e4tzlich soweit gesund sind und planen oder schon dabei sind, sich ein eigenes Business aufzubauen.<\/p>\n<p align=\"left\">Es kann viele Gr\u00fcnde geben, das eigene berufliche Wachstum auf unbewusste Weise selbst zu blockieren. Oft ist auf den ersten Blick nur schwer erkennbar, warum wir gef\u00fchlt nie genug Zeit haben, sinnvolle Dinge vor uns herschieben, ineffektiv arbeiten oder bestimmte Erfolgsziele einfach nicht erreichen, egal wie sehr wir uns auch bem\u00fchen.<\/p>\n<p align=\"left\">Dieser Onlinekurs ist daf\u00fcr gedacht, Dir typische emotionale Blockaden und ihre Ursachen aufzuzeigen, die m\u00f6glicherweise daf\u00fcr verantwortlich sein k\u00f6nnen, dass Du in Deinem Business nicht vorankommst. Mit Hilfe des Kurses kannst Du Dir Deine pers\u00f6nlichen Muster bewusst machen und anschlie\u00dfend mit den EFT Klopfvideos daran arbeiten, diese emotionalen Blockaden zu l\u00f6sen.<\/p>\n<p align=\"left\">Ziel dieses Kurses ist nicht das Erreichen Deiner beruflichen Ziele, sondern das Erlernen der Technik EFT, um damit selbst\u00e4ndig arbeiten zu k\u00f6nnen.Wenn Du das Gef\u00fchl hast, alleine mit den Videos nicht weiterzukommen oder mit hochkommenden Emotionen \u00fcberfordert zu sein, dann ist eine zus\u00e4tzliche pers\u00f6nliche Betreuung in Einzelsitzungen sinnvoll.<\/p>\n<p align=\"left\"><strong>Wichtige Einschr\u00e4nkung:<\/strong><\/p>\n<p align=\"left\">Bei schweren psychischen Erkrankungen wie z.B. schweren Depressionen, akuten Psychosen, schweren Zwangssymptomen, schweren Traumatisierungen, Drogenmissbrauch, selbstverletzendem Verhalten, Suizidgedanken, sowie bei schweren k\u00f6rperlichen Erkrankungen ist dieser Selbsthilfekurs NICHT geeignet!!! In diesem Fall ist eine pers\u00f6nliche, ggf. \u00e4rztliche Betreuung unerl\u00e4sslich.<\/p>\n<p align=\"left\">Die Teilnahme am Kurs kann eine Psychotherapie oder den Besuch beim Arzt nicht ersetzen.<\/p>\n<p align=\"left\"><span style=\"color: #ff6600;\"><strong>Abgrenzung zum Modul 7 &#8222;Selbstsabotage aufl\u00f6sen&#8220;:<\/strong><\/span><br \/>\nDas Modul 7 behandelt ganz \u00e4hnliche Themen, richtet sich schwerpunktm\u00e4\u00dfig jedoch nicht an Businessstarter, sondern an Menschen mit Depressionen und ihre typischen Blockadethemen.<\/p>\n<p>&nbsp;<\/p>\n<p>&nbsp;<\/p>\n","protected":false},"excerpt":{"rendered":"<p>&nbsp; In diesem Video erkl\u00e4re ich genau, f\u00fcr wen dieser Onlinekurs geeignet ist und f\u00fcr wen nicht, was das Ziel dieses Onlinekurses [&hellip;]<\/p>\n","protected":false},"author":1,"featured_media":0,"parent":0,"menu_order":0,"comment_status":"closed","ping_status":"closed","template":"","meta":{"footnotes":""},"class_list":["post-1902","page","type-page","status-publish","hentry"],"_links":{"self":[{"href":"https:\/\/onlinekurs.seelenklopfen.de\/index.php\/wp-json\/wp\/v2\/pages\/1902","targetHints":{"allow":["GET"]}}],"collection":[{"href":"https:\/\/onlinekurs.seelenklopfen.de\/index.php\/wp-json\/wp\/v2\/pages"}],"about":[{"href":"https:\/\/onlinekurs.seelenklopfen.de\/index.php\/wp-json\/wp\/v2\/types\/page"}],"author":[{"embeddable":true,"href":"https:\/\/onlinekurs.seelenklopfen.de\/index.php\/wp-json\/wp\/v2\/users\/1"}],"replies":[{"embeddable":true,"href":"https:\/\/onlinekurs.seelenklopfen.de\/index.php\/wp-json\/wp\/v2\/comments?post=1902"}],"version-history":[{"count":4,"href":"https:\/\/onlinekurs.seelenklopfen.de\/index.php\/wp-json\/wp\/v2\/pages\/1902\/revisions"}],"predecessor-version":[{"id":1992,"href":"https:\/\/onlinekurs.seelenklopfen.de\/index.php\/wp-json\/wp\/v2\/pages\/1902\/revisions\/1992"}],"wp:attachment":[{"href":"https:\/\/onlinekurs.seelenklopfen.de\/index.php\/wp-json\/wp\/v2\/media?parent=1902"}],"curies":[{"name":"wp","href":"https:\/\/api.w.org\/{rel}","templated":true}]}}