
{"id":1363,"date":"2021-05-02T17:47:26","date_gmt":"2021-05-02T15:47:26","guid":{"rendered":"https:\/\/onlinekurs.seelenklopfen.de\/?post_type=product&#038;p=1363"},"modified":"2026-02-25T17:48:54","modified_gmt":"2026-02-25T16:48:54","slug":"seelenklopfen-onlinekurs-modul-4","status":"publish","type":"product","link":"https:\/\/onlinekurs.seelenklopfen.de\/index.php\/produkt\/seelenklopfen-onlinekurs-modul-4\/","title":{"rendered":"Seelenklopfen Onlinekurs Modul 4"},"content":{"rendered":"<h4 align=\"left\"><span style=\"color: #dd3333;\"><strong>Herzlich willkommen beim Seelenklopfen Onlinekurs!<\/strong><\/span><\/h4>\n<h5 align=\"left\"><strong>Sch\u00f6n, dass Du da bist und mit mir zusammen &#8222;klopfen&#8220; m\u00f6chtest!<\/strong><\/h5>\n<p>&nbsp;<\/p>\n<p align=\"left\"><strong><img loading=\"lazy\" decoding=\"async\" class=\"wp-image-2438 alignleft\" src=\"https:\/\/onlinekurs.seelenklopfen.de\/wp-content\/uploads\/2023\/08\/4-300x300.png\" alt=\"\" width=\"259\" height=\"259\" srcset=\"https:\/\/onlinekurs.seelenklopfen.de\/wp-content\/uploads\/2023\/08\/4-300x300.png 300w, https:\/\/onlinekurs.seelenklopfen.de\/wp-content\/uploads\/2023\/08\/4-1024x1024.png 1024w, https:\/\/onlinekurs.seelenklopfen.de\/wp-content\/uploads\/2023\/08\/4-150x150.png 150w, https:\/\/onlinekurs.seelenklopfen.de\/wp-content\/uploads\/2023\/08\/4-768x768.png 768w, https:\/\/onlinekurs.seelenklopfen.de\/wp-content\/uploads\/2023\/08\/4-1000x1000.png 1000w, https:\/\/onlinekurs.seelenklopfen.de\/wp-content\/uploads\/2023\/08\/4-230x230.png 230w, https:\/\/onlinekurs.seelenklopfen.de\/wp-content\/uploads\/2023\/08\/4-350x350.png 350w, https:\/\/onlinekurs.seelenklopfen.de\/wp-content\/uploads\/2023\/08\/4-480x480.png 480w, https:\/\/onlinekurs.seelenklopfen.de\/wp-content\/uploads\/2023\/08\/4-420x420.png 420w, https:\/\/onlinekurs.seelenklopfen.de\/wp-content\/uploads\/2023\/08\/4-800x800.png 800w, https:\/\/onlinekurs.seelenklopfen.de\/wp-content\/uploads\/2023\/08\/4-100x100.png 100w, https:\/\/onlinekurs.seelenklopfen.de\/wp-content\/uploads\/2023\/08\/4.png 1080w\" sizes=\"auto, (max-width: 259px) 100vw, 259px\" \/><\/strong><\/p>\n<p align=\"left\"><strong><br \/>\nWenn Du lernen m\u00f6chtest, Deine hinderlichen negativen Gedanken und \u00dcberzeugungen zu ver\u00e4ndern, dann ist das vierte Modul &#8222;Glaubenss\u00e4tze ver\u00e4ndern&#8220; perfekt f\u00fcr Dich.<\/strong><\/p>\n<p><strong>Dieses Modul besteht aus insgesamt 15 Videos, davon 5 Tutorials und 10 Mitklopfrunden.<\/strong><\/p>\n<p><span style=\"color: #dd3333;\"><a style=\"color: #dd3333;\" href=\"https:\/\/onlinekurs.seelenklopfen.de\/index.php\/disclaimer\/\" target=\"_blank\" rel=\"noopener\"><em>Vor der Bestellung bitte zuerst den Disclaimer lesen!<\/em><\/a><\/span><\/p>\n<p>&nbsp;<\/p>\n<p>&nbsp;<\/p>\n<hr \/>\n<h4><\/h4>\n<h4><strong><span style=\"color: #dd3333;\">Was erwartet Dich in diesem Modul?<\/span><br \/>\n<\/strong><\/h4>\n<h3><\/h3>\n<h5><span lang=\"zxx\">1) Begr\u00fc\u00dfungsvideo<br \/>\n<\/span><\/h5>\n<p><strong><span style=\"color: #ff6600;\">Im ersten Video gebe ich Dir erstmal einen \u00dcberblick \u00fcber alles, was Dich in diesem Modul erwartet.<\/span><\/strong><\/p>\n<p>&nbsp;<\/p>\n<h5 id=\"disclaimer\" class=\"position\"><span lang=\"zxx\"><strong>&#8211; Disclaimer &#8211;<\/strong><br \/>\n<\/span><\/h5>\n<p align=\"left\"><strong><span style=\"color: #ff6600;\">In diesem Video erkl\u00e4re ich genau, f\u00fcr wen dieser Onlinekurs geeignet ist und f\u00fcr wen nicht, was das Ziel dieses Onlinekurses ist, und was es sonst noch zu beachten gibt.<\/span><\/strong><\/p>\n<p align=\"left\"><em>Der Kurs ist f\u00fcr Menschen gedacht, die wenig Selbstwertgef\u00fchl haben, evt. unter leichten bis mittelschweren Depressionen, Burnout oder \u00c4ngsten leiden und mit Hilfe von EFT lernen m\u00f6chten, ihre negativen Gedanken- und Verhaltensmuster zu ver\u00e4ndern, ihre belastenden Emotionen zu lindern und sich selbst so zu lieben und zu akzeptieren, wie sie sind.<\/em><\/p>\n<p align=\"left\"><em>Ziel dieses Kurses kann nicht die Heilung von Depressionen sein, sondern das Erlernen der Technik EFT, um damit selbst\u00e4ndig arbeiten zu k\u00f6nnen. Die Teilnahme am Kurs kann eine Psychotherapie oder den Besuch beim Arzt nicht ersetzen.<\/em><\/p>\n<p align=\"left\"><em>Bei schweren psychischen Erkrankungen wie z.B. schweren Depressionen, akuten Psychosen, schweren Zwangssymptomen, schweren Traumatisierungen, Drogenmissbrauch, selbstverletzendem Verhalten, Suizidgedanken, sowie bei schweren k\u00f6rperlichen Erkrankungen ist dieser Selbsthilfekurs NICHT geeignet!!! In diesem Fall ist eine pers\u00f6nliche, ggf. \u00e4rztliche Betreuung unerl\u00e4sslich.<\/em><\/p>\n<p><strong>\u00a0<\/strong><\/p>\n<p>&nbsp;<\/p>\n<h5><span lang=\"zxx\">2) Anleitung in 10 Punkten<\/span><\/h5>\n<p><strong><span style=\"color: #ff6600;\">In diesem Tutorial erkl\u00e4re ich Dir ausf\u00fchrlich, wie Du mit den Mitklopfvideos am besten arbeiten und sie optimal f\u00fcr die Selbsthilfe nutzen kannst. <\/span><\/strong><\/p>\n<p>&nbsp;<\/p>\n<h5><span lang=\"zxx\">3) EFT Tutorial<\/span><\/h5>\n<p align=\"left\"><span style=\"color: #ff6600;\"><strong>In diesem Tutorial erkl\u00e4re ich Dir alles \u00fcber die Klopfakupressur, was Du f\u00fcr die Anwendung als Selbsthilfetechnik wissen musst. <\/strong><\/span><\/p>\n<p>&nbsp;<\/p>\n<h5><span lang=\"zxx\">4) Der kinesiologische Muskeltest<\/span><\/h5>\n<p class=\"western\" align=\"left\"><strong><span style=\"color: #ff6600;\">In diesem Tutorial erkl\u00e4re ich Dir, wie Du als einfaches Instrument zur Selbstdiagnostik den kinesiologischen Muskeltest anwenden kannst.<\/span><\/strong><\/p>\n<h5><\/h5>\n<p>&nbsp;<\/p>\n<h5><\/h5>\n<h5><span lang=\"zxx\">5) Meditation: &#8222;Die Lichtwaschanlage&#8220;<\/span><\/h5>\n<p align=\"left\"><strong><span style=\"color: #ff6600;\">Dieses Video enth\u00e4lt eine kleine meditative Visualisierungs\u00fcbung zum Loslassen und zur energetischen Reinigung und Transformation mit Hilfe von Licht und Farben.<\/span><\/strong><\/p>\n<p>&nbsp;<\/p>\n<p>&nbsp;<\/p>\n<h3>Mitklopfrunden:<\/h3>\n<h5><span lang=\"zxx\">M401 Nein sagen lernen<\/span><\/h5>\n<p align=\"left\"><span style=\"color: #ff6600;\"><strong>Eine der unangenehmen Auswirkungen falscher negativer \u00dcberzeugungen \u00fcber Dich selbst ist die Angst davor, sich gesund abzugrenzen und die eigenen Bed\u00fcrfnisse klar zu kommunizieren.<br \/>\n<\/strong><\/span><\/p>\n<h5><\/h5>\n<p>&nbsp;<\/p>\n<h5><span lang=\"zxx\">M402 Verurteilungen und Bewertungen loslassen<br \/>\n<\/span><\/h5>\n<p align=\"left\"><span style=\"color: #ff6600;\"><strong>Depressives Denken beinhaltet h\u00e4ufig ungerechtfertigte Verurteilungen und unn\u00f6tige Bewertungen als etwas Schlechtes, die Dir auf Deinem Weg nicht dienlich sind.<br \/>\n<\/strong><\/span><\/p>\n<p>&nbsp;<\/p>\n<h5><span lang=\"zxx\">M403 Zweifel und Pessimismus<br \/>\n<\/span><\/h5>\n<p align=\"left\"><span style=\"color: #ff6600;\"><strong>Eines der h\u00e4ufisten depressiven Denkmuster sind Zweifel und Pessimismus. Du traust Dich einfach nicht mehr, an etwas Gutes zu glauben, weil Du so oft entt\u00e4uscht worden bist. Heute k\u00fcmmern wir uns darum, dass Du Dich bald wieder traust. <\/strong><\/span><\/p>\n<p>&nbsp;<\/p>\n<h5><span lang=\"zxx\">M404 Glaubenss\u00e4tze transformieren<br \/>\n<\/span><\/h5>\n<p align=\"left\"><span style=\"color: #ff6600;\"><strong>In dieser Klopfrunde findest Du eine Reihe von allgemeinen Programmiers\u00e4tzen, die Du auf jeden Glaubenssatz und jedes Verhaltensmuster anwenden kannst, das Du loslassen und ver\u00e4ndern m\u00f6chtest.<br \/>\n<\/strong><\/span><\/p>\n<h5><\/h5>\n<p>&nbsp;<\/p>\n<h5><span lang=\"zxx\">M405 &#8222;Ich muss das alles schaffen!&#8220;<br \/>\n<\/span><\/h5>\n<p align=\"left\"><strong><span style=\"color: #ff6600;\">Der h\u00e4ufigste Grund f\u00fcr Burnout und Ersch\u00f6pfungsdepression ist der unbewusste Glaubenssatz, das gewaltige Pensum der heutigen Anforderungen alle schaffen zu m\u00fcssen, was eigentlich f\u00fcr niemanden auf der Welt m\u00f6glich ist. \u00c4ndere den Glaubenssatz, und Dein Stress verschwindet! <\/span> <\/strong><\/p>\n<h5><\/h5>\n<p>&nbsp;<\/p>\n<h5><\/h5>\n<h5><span lang=\"zxx\">M406 &#8222;Ich darf nicht gl\u00fccklich sein!&#8220;<br \/>\n<\/span><\/h5>\n<p class=\"western\" align=\"left\"><span style=\"color: #ff6600;\"><strong>Wenn Du trotz aller Bem\u00fchungen immer wieder erlebst, dass Du Dich beim Gl\u00fccklichwerden selbst sabotierst, dann frage Dich, ob Du \u00fcberhaupt gl\u00fccklich werden darfst.<br \/>\n<\/strong><\/span><\/p>\n<h5><\/h5>\n<p>&nbsp;<\/p>\n<h5><span lang=\"zxx\">M407 &#8222;Ich kann nicht gl\u00fccklich sein!&#8220;<br \/>\n<\/span><\/h5>\n<p align=\"left\"><span style=\"color: #ff6600;\"><strong>Wenn Du Immer wieder negative Erfahrungen gemacht hast, k\u00f6nnte es sein, dass sich in Dir der Glaubenssatz geformt hat, dass es f\u00fcr Dich \u00fcberhaupt nicht m\u00f6glich ist, jemals gl\u00fccklich zu werden.<br \/>\n<\/strong><\/span><\/p>\n<p>&nbsp;<\/p>\n<h5><span lang=\"zxx\">M408 &#8222;Ich muss perfekt sein!&#8220;<\/span><\/h5>\n<p align=\"left\"><span style=\"color: #ff6600;\"><strong>Der Klassiker der Glaubenss\u00e4tze bei Burnout und Ersch\u00f6pfungsdepressionen ist der Satz: &#8222;Ich muss perfekt sein!&#8220;<\/strong><\/span><\/p>\n<p>&nbsp;<\/p>\n<h5><span lang=\"zxx\">M409 &#8222;Irgendwas ist falsch an mir!&#8220;<\/span><\/h5>\n<p align=\"left\"><span style=\"color: #ff6600;\"><strong>Menschen, die unter Depressionen leiden und ein schwaches Selbstwertgef\u00fchl haben, haben oft ein unterschwelliges Gef\u00fchl, nicht in Ordnung zu sein, irgendwie seltsam, ganz anders als andere, irgendwie falsch.<\/strong><\/span><\/p>\n<p>&nbsp;<\/p>\n<h5><span lang=\"zxx\">M410 &#8222;Depressionen sind unheilbar!&#8220;<br \/>\n<\/span><\/h5>\n<p align=\"left\"><span style=\"color: #ff6600;\"><strong>Vielleicht hast Du schonmal andere Menschen sagen h\u00f6ren, dass Du Deine Depression niemals loswerden wirst und Dich daran gew\u00f6hnen musst, f\u00fcr immer depressiv zu bleiben. Was f\u00fcr ein hinderlicher, falscher Glaubenssatz! Den \u00e4ndern wir heute.<br \/>\n<\/strong><\/span><\/p>\n<p>&nbsp;<\/p>\n<p>&nbsp;<\/p>\n<p>&nbsp;<\/p>\n<p>&nbsp;<\/p>\n","protected":false},"excerpt":{"rendered":"<h5><\/h5>\n<table id=\"cart\" class=\"order_table with_product_image with_prices\" style=\"height: 67px;\" width=\"535\">\n<tbody>\n<tr class=\"body product product_bottom \">\n<td class=\"image\">\n<h4><span style=\"color: #dd3333;\"><strong><br \/>\nMODUL 4:\u00a0 &#8222;Glaubenss\u00e4tze ver\u00e4ndern&#8220;<\/strong><\/span><\/h4>\n<p>&nbsp;<\/td>\n<td class=\"details\">\n<div class=\"description\">\n<p><span style=\"color: #ff6600;\"><strong>215 min. Videomaterial zum eigenst\u00e4ndigen Arbeiten mit EFT<\/strong><\/span><\/p>\n<\/div>\n<\/td>\n<\/tr>\n<\/tbody>\n<\/table>\n<p><span style=\"color: #dd3333;\"><a style=\"color: #dd3333;\" href=\"https:\/\/onlinekurs.seelenklopfen.de\/index.php\/disclaimer\/\" target=\"_blank\" rel=\"noopener\"><em>Vor der Bestellung bitte zuerst den Disclaimer lesen!<\/em><\/a><\/span><\/p>\n","protected":false},"featured_media":441,"template":"","meta":[],"product_brand":[],"product_cat":[32],"product_tag":[],"class_list":{"0":"post-1363","1":"product","2":"type-product","3":"status-publish","4":"has-post-thumbnail","6":"product_cat-module","8":"first","9":"instock","10":"virtual","11":"purchasable","12":"product-type-simple"},"_links":{"self":[{"href":"https:\/\/onlinekurs.seelenklopfen.de\/index.php\/wp-json\/wp\/v2\/product\/1363","targetHints":{"allow":["GET"]}}],"collection":[{"href":"https:\/\/onlinekurs.seelenklopfen.de\/index.php\/wp-json\/wp\/v2\/product"}],"about":[{"href":"https:\/\/onlinekurs.seelenklopfen.de\/index.php\/wp-json\/wp\/v2\/types\/product"}],"wp:featuredmedia":[{"embeddable":true,"href":"https:\/\/onlinekurs.seelenklopfen.de\/index.php\/wp-json\/wp\/v2\/media\/441"}],"wp:attachment":[{"href":"https:\/\/onlinekurs.seelenklopfen.de\/index.php\/wp-json\/wp\/v2\/media?parent=1363"}],"wp:term":[{"taxonomy":"product_brand","embeddable":true,"href":"https:\/\/onlinekurs.seelenklopfen.de\/index.php\/wp-json\/wp\/v2\/product_brand?post=1363"},{"taxonomy":"product_cat","embeddable":true,"href":"https:\/\/onlinekurs.seelenklopfen.de\/index.php\/wp-json\/wp\/v2\/product_cat?post=1363"},{"taxonomy":"product_tag","embeddable":true,"href":"https:\/\/onlinekurs.seelenklopfen.de\/index.php\/wp-json\/wp\/v2\/product_tag?post=1363"}],"curies":[{"name":"wp","href":"https:\/\/api.w.org\/{rel}","templated":true}]}}