
{"id":1366,"date":"2021-05-02T18:08:15","date_gmt":"2021-05-02T16:08:15","guid":{"rendered":"https:\/\/onlinekurs.seelenklopfen.de\/?post_type=product&#038;p=1366"},"modified":"2026-02-25T17:47:38","modified_gmt":"2026-02-25T16:47:38","slug":"seelenklopfen-onlinekurs-modul-6","status":"publish","type":"product","link":"https:\/\/onlinekurs.seelenklopfen.de\/index.php\/produkt\/seelenklopfen-onlinekurs-modul-6\/","title":{"rendered":"Seelenklopfen Onlinekurs Modul 6"},"content":{"rendered":"<h4 align=\"left\"><span style=\"color: #dd3333;\"><strong>Herzlich willkommen beim Seelenklopfen Onlinekurs!<\/strong><\/span><\/h4>\n<h5 align=\"left\"><strong>Sch\u00f6n, dass Du da bist und mit mir zusammen &#8222;klopfen&#8220; m\u00f6chtest!<\/strong><\/h5>\n<p>&nbsp;<\/p>\n<p align=\"left\"><strong><img loading=\"lazy\" decoding=\"async\" class=\"wp-image-2440 alignleft\" src=\"https:\/\/onlinekurs.seelenklopfen.de\/wp-content\/uploads\/2023\/08\/6-300x300.png\" alt=\"\" width=\"228\" height=\"228\" srcset=\"https:\/\/onlinekurs.seelenklopfen.de\/wp-content\/uploads\/2023\/08\/6-300x300.png 300w, https:\/\/onlinekurs.seelenklopfen.de\/wp-content\/uploads\/2023\/08\/6-1024x1024.png 1024w, https:\/\/onlinekurs.seelenklopfen.de\/wp-content\/uploads\/2023\/08\/6-150x150.png 150w, https:\/\/onlinekurs.seelenklopfen.de\/wp-content\/uploads\/2023\/08\/6-768x768.png 768w, https:\/\/onlinekurs.seelenklopfen.de\/wp-content\/uploads\/2023\/08\/6-1000x1000.png 1000w, https:\/\/onlinekurs.seelenklopfen.de\/wp-content\/uploads\/2023\/08\/6-230x230.png 230w, https:\/\/onlinekurs.seelenklopfen.de\/wp-content\/uploads\/2023\/08\/6-350x350.png 350w, https:\/\/onlinekurs.seelenklopfen.de\/wp-content\/uploads\/2023\/08\/6-480x480.png 480w, https:\/\/onlinekurs.seelenklopfen.de\/wp-content\/uploads\/2023\/08\/6-420x420.png 420w, https:\/\/onlinekurs.seelenklopfen.de\/wp-content\/uploads\/2023\/08\/6-800x800.png 800w, https:\/\/onlinekurs.seelenklopfen.de\/wp-content\/uploads\/2023\/08\/6-100x100.png 100w, https:\/\/onlinekurs.seelenklopfen.de\/wp-content\/uploads\/2023\/08\/6.png 1080w\" sizes=\"auto, (max-width: 228px) 100vw, 228px\" \/><\/strong><\/p>\n<p align=\"left\"><strong><br \/>\nWenn Du lernen m\u00f6chtest, wie Du emotional belastende Erlebnisse Deiner Vergangenheit aufl\u00f6sen kannst, dann ist das sechste Modul &#8222;Die Vergangenheit loslassen&#8220; perfekt f\u00fcr Dich.<\/strong><\/p>\n<p><strong>Dieses Modul besteht aus insgesamt 15 Videos, davon 5 Tutorials und 10 Mitklopfrunden.<\/strong><\/p>\n<p><span style=\"color: #dd3333;\"><a style=\"color: #dd3333;\" href=\"https:\/\/onlinekurs.seelenklopfen.de\/index.php\/disclaimer\/\" target=\"_blank\" rel=\"noopener\"><em>Vor der Bestellung bitte zuerst den Disclaimer lesen!<\/em><\/a><\/span><\/p>\n<p>&nbsp;<\/p>\n<p>&nbsp;<\/p>\n<hr \/>\n<h4><\/h4>\n<h4><strong><span style=\"color: #dd3333;\">Was erwartet Dich in diesem Modul?<\/span><br \/>\n<\/strong><\/h4>\n<h3><\/h3>\n<h5><span lang=\"zxx\">1) Begr\u00fc\u00dfungsvideo<br \/>\n<\/span><\/h5>\n<p><strong><span style=\"color: #ff6600;\">Im ersten Video gebe ich Dir erstmal einen \u00dcberblick \u00fcber alles, was Dich in diesem Modul erwartet.<\/span><\/strong><\/p>\n<p>&nbsp;<\/p>\n<h5 id=\"disclaimer\" class=\"position\"><span lang=\"zxx\"><strong>&#8211; Disclaimer &#8211;<\/strong><br \/>\n<\/span><\/h5>\n<p align=\"left\"><strong><span style=\"color: #ff6600;\">In diesem Video erkl\u00e4re ich genau, f\u00fcr wen dieser Onlinekurs geeignet ist und f\u00fcr wen nicht, was das Ziel dieses Onlinekurses ist, und was es sonst noch zu beachten gibt.<\/span><\/strong><\/p>\n<p align=\"left\"><em>Der Kurs ist f\u00fcr Menschen gedacht, die wenig Selbstwertgef\u00fchl haben, evt. unter leichten bis mittelschweren Depressionen, Burnout oder \u00c4ngsten leiden und mit Hilfe von EFT lernen m\u00f6chten, ihre negativen Gedanken- und Verhaltensmuster zu ver\u00e4ndern, ihre belastenden Emotionen zu lindern und sich selbst so zu lieben und zu akzeptieren, wie sie sind.<\/em><\/p>\n<p align=\"left\"><em>Ziel dieses Kurses kann nicht die Heilung von Depressionen sein, sondern das Erlernen der Technik EFT, um damit selbst\u00e4ndig arbeiten zu k\u00f6nnen. Die Teilnahme am Kurs kann eine Psychotherapie oder den Besuch beim Arzt nicht ersetzen.<\/em><\/p>\n<p align=\"left\"><em>Unter bestimmten Umst\u00e4nden sollte man allerdings nicht allein mit EFT arbeiten, sondern nur mit therapeutischer Begleitung. Das gilt ganz besonders f\u00fcr dieses Modul 6, weil wir uns hier explizit um Deine Vergangenheit k\u00fcmmern. Bei Traumatisierungen jeglicher Art bitte NICHT alleine daran arbeiten! EFT ist auch bei Trauma eine hilfreiche Methode, aber nur als therapeutisches Werkzeug einzusetzen, nicht als Selbsthilfetechnik. F\u00fcr m\u00f6gliche Retraumatisierungen oder sonstige Verschlechterungen Deines Zustands kann ich keine Verantwortung \u00fcbernehmen und appelliere an Deine Eigenverantwortung.<\/em><\/p>\n<p align=\"left\"><em>Bei schweren psychischen Erkrankungen wie z.B. schweren Depressionen, akuten Psychosen, schweren Zwangssymptomen, schweren Traumatisierungen, Drogenmissbrauch, selbstverletzendem Verhalten, Suizidgedanken, sowie bei schweren k\u00f6rperlichen Erkrankungen ist dieser Selbsthilfekurs NICHT geeignet!!! In diesem Fall ist eine pers\u00f6nliche, ggf. \u00e4rztliche Betreuung unerl\u00e4sslich.<\/em><\/p>\n<p>&nbsp;<\/p>\n<p><strong>\u00a0<\/strong><\/p>\n<p>&nbsp;<\/p>\n<h5><span lang=\"zxx\">2) Anleitung in 10 Punkten<\/span><\/h5>\n<p><strong><span style=\"color: #ff6600;\">In diesem Tutorial erkl\u00e4re ich Dir ausf\u00fchrlich, wie Du mit den Mitklopfvideos am besten arbeiten und sie optimal f\u00fcr die Selbsthilfe nutzen kannst. <\/span><\/strong><\/p>\n<p>&nbsp;<\/p>\n<h5><span lang=\"zxx\">3) EFT Tutorial<\/span><\/h5>\n<p align=\"left\"><span style=\"color: #ff6600;\"><strong>In diesem Tutorial erkl\u00e4re ich Dir alles \u00fcber die Klopfakupressur, was Du f\u00fcr die Anwendung als Selbsthilfetechnik wissen musst. <\/strong><\/span><\/p>\n<p>&nbsp;<\/p>\n<h5><span lang=\"zxx\">4) Der kinesiologische Muskeltest<\/span><\/h5>\n<p class=\"western\" align=\"left\"><strong><span style=\"color: #ff6600;\">In diesem Tutorial erkl\u00e4re ich Dir, wie Du als einfaches Instrument zur Selbstdiagnostik den kinesiologischen Muskeltest anwenden kannst.<\/span><\/strong><\/p>\n<h5><\/h5>\n<p>&nbsp;<\/p>\n<h5><\/h5>\n<h5><span lang=\"zxx\">5) Meditation: &#8222;Die Lichtwaschanlage&#8220;<\/span><\/h5>\n<p align=\"left\"><strong><span style=\"color: #ff6600;\">Dieses Video enth\u00e4lt eine kleine meditative Visualisierungs\u00fcbung zum Loslassen und zur energetischen Reinigung und Transformation mit Hilfe von Licht und Farben.<\/span><\/strong><\/p>\n<p>&nbsp;<\/p>\n<p>&nbsp;<\/p>\n<h3>Mitklopfrunden:<\/h3>\n<h5><span lang=\"zxx\">M601 Selbstliebe lernen<br \/>\n<\/span><\/h5>\n<p align=\"left\"><strong><span style=\"color: #ff6600;\">Eine der wichtigsten \u00dcbungen auf dem Weg in die Lebensfreude ist das regelm\u00e4\u00dfige Trainieren von Selbstliebe, deshalb fangen wir damit an.<\/span><br \/>\n<\/strong><\/p>\n<h5><\/h5>\n<p>&nbsp;<\/p>\n<h5><span lang=\"zxx\">M602 Schuld und schlechtes Gewissen<br \/>\n<\/span><\/h5>\n<p align=\"left\"><strong><span style=\"color: #ff6600;\">Viele negative Erlebnisse aus der Vergangenheit erzeugen heute noch Gef\u00fchle von Schuld und schlechtem Gewissen, unabh\u00e4ngig davon, ob es einen echten Grund daf\u00fcr gibt.<br \/>\n<\/span><\/strong><\/p>\n<p>&nbsp;<\/p>\n<h5><span lang=\"zxx\">M603 Traurigkeit<br \/>\n<\/span><\/h5>\n<p align=\"left\"><strong><span style=\"color: #ff6600;\">Vielleicht sind da noch viele traurige Gef\u00fchle in Dir, wenn Du an Deine vergangenen Erlebnisse denkst. Diese Klopfrunde kann Dir vielleicht bei der Bew\u00e4ltigung helfen.<\/span> <\/strong><\/p>\n<p>&nbsp;<\/p>\n<h5><span lang=\"zxx\">M604 Ohnmacht, Hilflosigkeit, Kleinheit<br \/>\n<\/span><\/h5>\n<p align=\"left\"><strong><span style=\"color: #ff6600;\">Wenn wir vieles aus unserer Kindheit noch nicht bew\u00e4ltigt haben, dann f\u00fchlen wir uns auch heute noch oft klein und hilflos wie damals. Dieses Gef\u00fchl beklopfen wir heute. <\/span><br \/>\n<\/strong><\/p>\n<h5><\/h5>\n<p>&nbsp;<\/p>\n<h5><span lang=\"zxx\">M605 Schmerz(k\u00f6rper)<br \/>\n<\/span><\/h5>\n<p align=\"left\"><strong><span style=\"color: #ff6600;\">Unsere gesammelten schmerzhaften Erfahrungen von damals, die immer noch in uns gespeichert sind, bezeichnet Eckart Tolle als Schmerzk\u00f6rper. Mit diesem Modell wird es vielleicht einfacher, diese alten Gef\u00fchle loszulassen. <\/span> <\/strong><\/p>\n<h5><\/h5>\n<p>&nbsp;<\/p>\n<h5><\/h5>\n<h5><span lang=\"zxx\">M606 Verurteilungen und Bewertungen loslassen<br \/>\n<\/span><\/h5>\n<p class=\"western\" align=\"left\"><strong><span style=\"color: #ff6600;\">Vergangene Erlebnisse, bei denen Du schlecht behandelt worden bist, haben vielleicht ein Muster der Selbstabwertung bei Dir hinterlassen, das Dir heute noch das Leben schwer macht. Heute \u00fcben wir, alles Verurteilende in uns loszulassen.<br \/>\n<\/span><\/strong><\/p>\n<p>&nbsp;<\/p>\n<h5><span lang=\"zxx\">M607 Schlimme Erinnerungen loslassen<br \/>\n<\/span><\/h5>\n<p align=\"left\"><strong><span style=\"color: #ff6600;\">In der heutigen Klopfrunde zeige ich Dir, wie Du ganz konkret mit Deinen negativen Erinnerungen umgehen kannst, um sie in Liebe loslassen zu k\u00f6nnen. <\/span><br \/>\n<\/strong><\/p>\n<p>&nbsp;<\/p>\n<h5><span lang=\"zxx\">M608 Vertrauen lernen<br \/>\n<\/span><\/h5>\n<p align=\"left\"><strong><span style=\"color: #ff6600;\">Wenn Du viele unangenehme Dinge erlebt hast, dann f\u00e4llt es Dir vermutlich gar nicht leicht, wieder Vertrauen ins Leben und andere Menschen zu bekommen. Das \u00fcben wir mit der heutigen Klopfrunde.<\/span><br \/>\n<\/strong><\/p>\n<h5><\/h5>\n<p>&nbsp;<\/p>\n<h5><\/h5>\n<h5><span lang=\"zxx\">M609 Vergebung<br \/>\n<\/span><\/h5>\n<p align=\"left\"><span style=\"color: #ff6600;\"><strong>Eine der wichtigsten, aber auch schwierigsten Aufgaben beim Loslassen der Vergangenheit besteht darin, den Menschen zu verzeihen, die Dich in der Vergangenheit schlecht behandelt haben.<br \/>\n<\/strong><\/span><\/p>\n<p>&nbsp;<\/p>\n<h5><span lang=\"zxx\">M610 Glaubenss\u00e4tze transformieren<br \/>\n<\/span><\/h5>\n<p align=\"left\"><strong><span style=\"color: #ff6600;\">Blockierende Glaubenss\u00e4tze sind oft aus negativen Erlebnissen der Vergangenheit entstanden. Deshalb bekommst Du zum Schluss noch eine Klopfrunde mit allgemeinen Programmiers\u00e4tzen, um alles loszulassen und zu transformieren, was Dir nicht mehr dienlich ist.<\/span><br \/>\n<\/strong><\/p>\n<p>&nbsp;<\/p>\n<p>&nbsp;<\/p>\n","protected":false},"excerpt":{"rendered":"<h5><\/h5>\n<table id=\"cart\" class=\"order_table with_product_image with_prices\" style=\"height: 67px;\" width=\"535\">\n<tbody>\n<tr class=\"body product product_bottom \">\n<td class=\"image\">\n<h4><span style=\"color: #dd3333;\"><strong><br \/>\nMODUL 6:\u00a0 &#8222;Die Vergangenheit loslassen&#8220;<\/strong><\/span><\/h4>\n<p>&nbsp;<\/td>\n<td class=\"details\">\n<div class=\"description\">\n<p><span style=\"color: #ff6600;\"><strong>215 min. Videomaterial zum eigenst\u00e4ndigen Arbeiten mit EFT<\/strong><\/span><\/p>\n<\/div>\n<\/td>\n<\/tr>\n<\/tbody>\n<\/table>\n<p><span style=\"color: #dd3333;\"><a style=\"color: #dd3333;\" href=\"https:\/\/onlinekurs.seelenklopfen.de\/index.php\/disclaimer\/\" target=\"_blank\" rel=\"noopener\"><em>Vor der Bestellung bitte zuerst den Disclaimer lesen!<\/em><\/a><\/span><\/p>\n","protected":false},"featured_media":1009,"template":"","meta":[],"product_brand":[],"product_cat":[32],"product_tag":[],"class_list":{"0":"post-1366","1":"product","2":"type-product","3":"status-publish","4":"has-post-thumbnail","6":"product_cat-module","8":"first","9":"instock","10":"virtual","11":"purchasable","12":"product-type-simple"},"_links":{"self":[{"href":"https:\/\/onlinekurs.seelenklopfen.de\/index.php\/wp-json\/wp\/v2\/product\/1366","targetHints":{"allow":["GET"]}}],"collection":[{"href":"https:\/\/onlinekurs.seelenklopfen.de\/index.php\/wp-json\/wp\/v2\/product"}],"about":[{"href":"https:\/\/onlinekurs.seelenklopfen.de\/index.php\/wp-json\/wp\/v2\/types\/product"}],"wp:featuredmedia":[{"embeddable":true,"href":"https:\/\/onlinekurs.seelenklopfen.de\/index.php\/wp-json\/wp\/v2\/media\/1009"}],"wp:attachment":[{"href":"https:\/\/onlinekurs.seelenklopfen.de\/index.php\/wp-json\/wp\/v2\/media?parent=1366"}],"wp:term":[{"taxonomy":"product_brand","embeddable":true,"href":"https:\/\/onlinekurs.seelenklopfen.de\/index.php\/wp-json\/wp\/v2\/product_brand?post=1366"},{"taxonomy":"product_cat","embeddable":true,"href":"https:\/\/onlinekurs.seelenklopfen.de\/index.php\/wp-json\/wp\/v2\/product_cat?post=1366"},{"taxonomy":"product_tag","embeddable":true,"href":"https:\/\/onlinekurs.seelenklopfen.de\/index.php\/wp-json\/wp\/v2\/product_tag?post=1366"}],"curies":[{"name":"wp","href":"https:\/\/api.w.org\/{rel}","templated":true}]}}