
{"id":1367,"date":"2021-05-02T18:13:45","date_gmt":"2021-05-02T16:13:45","guid":{"rendered":"https:\/\/onlinekurs.seelenklopfen.de\/?post_type=product&#038;p=1367"},"modified":"2026-02-25T17:47:16","modified_gmt":"2026-02-25T16:47:16","slug":"seelenklopfen-onlinekurs-modul-7","status":"publish","type":"product","link":"https:\/\/onlinekurs.seelenklopfen.de\/index.php\/produkt\/seelenklopfen-onlinekurs-modul-7\/","title":{"rendered":"Seelenklopfen Onlinekurs Modul 7"},"content":{"rendered":"<h4 align=\"left\"><span style=\"color: #dd3333;\"><strong>Herzlich willkommen beim Seelenklopfen Onlinekurs!<\/strong><\/span><\/h4>\n<h5 align=\"left\"><strong>Sch\u00f6n, dass Du da bist und mit mir zusammen &#8222;klopfen&#8220; m\u00f6chtest!<\/strong><\/h5>\n<p>&nbsp;<\/p>\n<p align=\"left\"><strong><img loading=\"lazy\" decoding=\"async\" class=\"wp-image-2441 alignleft\" src=\"https:\/\/onlinekurs.seelenklopfen.de\/wp-content\/uploads\/2023\/08\/7-300x300.png\" alt=\"\" width=\"247\" height=\"247\" srcset=\"https:\/\/onlinekurs.seelenklopfen.de\/wp-content\/uploads\/2023\/08\/7-300x300.png 300w, https:\/\/onlinekurs.seelenklopfen.de\/wp-content\/uploads\/2023\/08\/7-1024x1024.png 1024w, https:\/\/onlinekurs.seelenklopfen.de\/wp-content\/uploads\/2023\/08\/7-150x150.png 150w, https:\/\/onlinekurs.seelenklopfen.de\/wp-content\/uploads\/2023\/08\/7-768x768.png 768w, https:\/\/onlinekurs.seelenklopfen.de\/wp-content\/uploads\/2023\/08\/7-1000x1000.png 1000w, https:\/\/onlinekurs.seelenklopfen.de\/wp-content\/uploads\/2023\/08\/7-230x230.png 230w, https:\/\/onlinekurs.seelenklopfen.de\/wp-content\/uploads\/2023\/08\/7-350x350.png 350w, https:\/\/onlinekurs.seelenklopfen.de\/wp-content\/uploads\/2023\/08\/7-480x480.png 480w, https:\/\/onlinekurs.seelenklopfen.de\/wp-content\/uploads\/2023\/08\/7-420x420.png 420w, https:\/\/onlinekurs.seelenklopfen.de\/wp-content\/uploads\/2023\/08\/7-800x800.png 800w, https:\/\/onlinekurs.seelenklopfen.de\/wp-content\/uploads\/2023\/08\/7-100x100.png 100w, https:\/\/onlinekurs.seelenklopfen.de\/wp-content\/uploads\/2023\/08\/7.png 1080w\" sizes=\"auto, (max-width: 247px) 100vw, 247px\" \/><\/strong><\/p>\n<p align=\"left\"><strong>Wenn Du Deine Entwicklung unbewusst selbst blockierst und lernen m\u00f6chtest, Deine Selbstsabotagemuster zu erkennen und aufzul\u00f6sen, dann ist das siebte Modul &#8222;Selbstsabotage aufl\u00f6sen&#8220; perfekt f\u00fcr Dich.<\/strong><\/p>\n<p><strong>Dieses Modul besteht aus insgesamt 15 Videos, davon 5 Tutorials und 10 Mitklopfrunden.<\/strong><\/p>\n<p><span style=\"color: #dd3333;\"><a style=\"color: #dd3333;\" href=\"https:\/\/onlinekurs.seelenklopfen.de\/index.php\/disclaimer\/\" target=\"_blank\" rel=\"noopener\"><em>Vor der Bestellung bitte zuerst den Disclaimer lesen!<\/em><\/a><\/span><\/p>\n<p>&nbsp;<\/p>\n<p>&nbsp;<\/p>\n<hr \/>\n<h4><\/h4>\n<h4><strong><span style=\"color: #dd3333;\">Was erwartet Dich in diesem Modul?<\/span><br \/>\n<\/strong><\/h4>\n<h3><\/h3>\n<h5><span lang=\"zxx\">1) Begr\u00fc\u00dfungsvideo<br \/>\n<\/span><\/h5>\n<p><span style=\"color: #ff6600;\"><strong>Im ersten Video gebe ich Dir erstmal einen \u00dcberblick \u00fcber alles, was Dich in diesem Modul erwartet.<\/strong><\/span><\/p>\n<p>&nbsp;<\/p>\n<h5 id=\"disclaimer\" class=\"position\"><span lang=\"zxx\"><strong>&#8211; Disclaimer &#8211;<\/strong><br \/>\n<\/span><\/h5>\n<p align=\"left\"><span style=\"color: #ff6600;\"><strong>In diesem Video erkl\u00e4re ich genau, f\u00fcr wen dieser Onlinekurs geeignet ist und f\u00fcr wen nicht, was das Ziel dieses Onlinekurses ist, und was es sonst noch zu beachten gibt.<\/strong><\/span><\/p>\n<p align=\"left\"><em>Der Kurs ist f\u00fcr Menschen gedacht, die wenig Selbstwertgef\u00fchl haben, evt. unter leichten bis mittelschweren Depressionen, Burnout oder \u00c4ngsten leiden und mit Hilfe von EFT lernen m\u00f6chten, ihre negativen Gedanken- und Verhaltensmuster zu ver\u00e4ndern, ihre belastenden Emotionen zu lindern und sich selbst so zu lieben und zu akzeptieren, wie sie sind.<\/em><\/p>\n<p align=\"left\"><em>Ziel dieses Kurses kann nicht die Heilung von Depressionen sein, sondern das Erlernen der Technik EFT, um damit selbst\u00e4ndig arbeiten zu k\u00f6nnen. Die Teilnahme am Kurs kann eine Psychotherapie oder den Besuch beim Arzt nicht ersetzen.<\/em><\/p>\n<p align=\"left\"><em>Bei schweren psychischen Erkrankungen wie z.B. schweren Depressionen, akuten Psychosen, schweren Zwangssymptomen, schweren Traumatisierungen, Drogenmissbrauch, selbstverletzendem Verhalten, Suizidgedanken, sowie bei schweren k\u00f6rperlichen Erkrankungen ist dieser Selbsthilfekurs NICHT geeignet!!! In diesem Fall ist eine pers\u00f6nliche, ggf. \u00e4rztliche Betreuung unerl\u00e4sslich.<\/em><\/p>\n<h5><\/h5>\n<p>&nbsp;<\/p>\n<h5><span lang=\"zxx\">2) Anleitung in 10 Punkten<\/span><\/h5>\n<p><span style=\"color: #ff6600;\"><strong>In diesem Tutorial erkl\u00e4re ich Dir ausf\u00fchrlich, wie Du mit den Mitklopfvideos am besten arbeiten und sie optimal f\u00fcr die Selbsthilfe nutzen kannst. <\/strong><\/span><\/p>\n<p>&nbsp;<\/p>\n<h5><span lang=\"zxx\">3) EFT Tutorial<\/span><\/h5>\n<p align=\"left\"><span style=\"color: #ff6600;\"><strong>In diesem Tutorial erkl\u00e4re ich Dir alles \u00fcber die Klopfakupressur, was Du f\u00fcr die Anwendung als Selbsthilfetechnik wissen musst. <\/strong><\/span><\/p>\n<p>&nbsp;<\/p>\n<h5><span lang=\"zxx\">4) Der kinesiologische Muskeltest<\/span><\/h5>\n<p class=\"western\" align=\"left\"><span style=\"color: #ff6600;\"><strong>In diesem Tutorial erkl\u00e4re ich Dir, wie Du als einfaches Instrument zur Selbstdiagnostik den kinesiologischen Muskeltest anwenden kannst.<\/strong><\/span><\/p>\n<h5><\/h5>\n<p>&nbsp;<\/p>\n<h5><\/h5>\n<h5><span lang=\"zxx\">5) Meditation: &#8222;Die Lichtwaschanlage&#8220;<\/span><\/h5>\n<p align=\"left\"><span style=\"color: #ff6600;\"><strong>Dieses Video enth\u00e4lt eine kleine meditative Visualisierungs\u00fcbung zum Loslassen und zur energetischen Reinigung und Transformation mit Hilfe von Licht und Farben.<\/strong><\/span><\/p>\n<p>&nbsp;<\/p>\n<p>&nbsp;<\/p>\n<h3>Mitklopfrunden:<\/h3>\n<h5><span lang=\"zxx\">M701 Aufschieberitis<br \/>\n<\/span><\/h5>\n<p align=\"left\"><span style=\"color: #ff6600;\"><strong>Eine der h\u00e4ufigsten Ausdrucksformen von Selbstsabotage ist die Aufschieberitis, bei der Du Dich einfach nicht dazu aufraffen kannst, unangenehme Dinge zu erledigen, obwohl Du genau wei\u00dft, dass dadurch alles nur noch schlimmer wird.<br \/>\n<\/strong><\/span><\/p>\n<h5><\/h5>\n<p>&nbsp;<\/p>\n<h5><span lang=\"zxx\">M702 Glaubenss\u00e4tze transformieren<br \/>\n<\/span><\/h5>\n<p align=\"left\"><span style=\"color: #ff6600;\"><strong>Bei der Bearbeitung Deiner Selbstsabotageprogramme wirst Du so einige blockierende Glaubenss\u00e4tze in Dir entdecken. Mit dieser allgemein formulierten Klopfrunde kannst Du alles loslassen und transformieren, was Dir nicht mehr dienlich ist.<br \/>\n<\/strong><\/span><\/p>\n<p>&nbsp;<\/p>\n<h5><span lang=\"zxx\">M703 Selbstsabotagemuster herausfinden<br \/>\n<\/span><\/h5>\n<p align=\"left\"><span style=\"color: #ff6600;\"><strong>Es gibt viele Gr\u00fcnde, warum wir uns uns selbst auf den F\u00fc\u00dfen stehen und unbewusst unsere Entwicklung blockieren. Bevor wir mit der Bearbeitung einzelner Muster beginnen, kannst Du mit dieser Klopfrunde erstmal herausfinden, welches auf Dich zutreffen k\u00f6nnte.<br \/>\n<\/strong><\/span><\/p>\n<p>&nbsp;<\/p>\n<h5><span lang=\"zxx\">M704 Angst vor Ver\u00e4nderung und Identit\u00e4tsverlust<br \/>\n<\/span><\/h5>\n<p align=\"left\"><span style=\"color: #ff6600;\"><strong>Die Angst vor Ver\u00e4nderung ist uns Menschen angeboren: Unser \u00dcberlebensmechanismus stuft alles Neue und Fremde erstmal als potenziell gef\u00e4hrlich ein. Depressionen zu \u00fcberwinden bedeutet aber Ver\u00e4nderung! Daher m\u00fcssen wir uns diesem Thema immer wieder vorsichtig ann\u00e4hern.<br \/>\n<\/strong><\/span><\/p>\n<h5><\/h5>\n<p>&nbsp;<\/p>\n<h5><span lang=\"zxx\">M705 Angst vor \u00dcberforderung und Leistungdruck<br \/>\n<\/span><\/h5>\n<p align=\"left\"><strong><span style=\"color: #ff6600;\">Ein ganz h\u00e4ufiger Grund, warum Menschen unbewusst lieber doch nicht gesund und gl\u00fccklich werden wollen, ist die Angst, dann wieder hohen Anforderungen ausgeliefert und damit \u00fcberfordert zu sein.<\/span> <\/strong><\/p>\n<h5><\/h5>\n<p>&nbsp;<\/p>\n<h5><\/h5>\n<h5><span lang=\"zxx\">M706 Angst, nicht mehr liebgehabt zu werden<br \/>\n<\/span><\/h5>\n<p class=\"western\" align=\"left\"><span style=\"color: #ff6600;\"><strong>Die kindliche Angst, nicht mehr liebgehabt zu werden, kann uns heute immer noch unbewusst davon abhalten, unsere depressiven Verhaltensmuster zu ver\u00e4ndern.<br \/>\n<\/strong><\/span><\/p>\n<h5><\/h5>\n<p>&nbsp;<\/p>\n<h5><span lang=\"zxx\">M707 Angst, es nicht verdient zu haben<br \/>\n<\/span><\/h5>\n<p align=\"left\"><span style=\"color: #ff6600;\"><strong>Glaubst Du tief in Deinem Herzen, dass Du es verdient hast, gesund und gl\u00fccklich zu sein? Falls nicht, ist diese Klopfrunde f\u00fcr Dich!<br \/>\n<\/strong><\/span><\/p>\n<p>&nbsp;<\/p>\n<h5><span lang=\"zxx\">M708 Angst vor Sichtbarkeit und Kritik<br \/>\n<\/span><\/h5>\n<p align=\"left\"><span style=\"color: #ff6600;\"><strong>Viele Menschen bleiben in ihrer Komfortzone und damit in ihrem Leiden stecken, weil sie um jeden Preis vermeiden wollen, dass irgendjemand schlecht \u00fcber sie denken k\u00f6nnte, sobald er sie in ihrem wahren Sein sehen kann.<br \/>\n<\/strong><\/span><\/p>\n<p>&nbsp;<\/p>\n<h5><span lang=\"zxx\">M709 Angst vor der eigenen Gr\u00f6\u00dfe<br \/>\n<\/span><\/h5>\n<p align=\"left\"><span style=\"color: #ff6600;\"><strong>Man glaubt es kaum, aber was wir am allermeisten f\u00fcrchten ist nicht, klein und unbedeutend zu sein. Es ist die Angst vor unserer Gro\u00dfartigkeit und unserer grenzenlosen Macht und Gr\u00f6\u00dfe, die uns klein und schwach h\u00e4lt.<br \/>\n<\/strong><\/span><\/p>\n<p>&nbsp;<\/p>\n<h5><span lang=\"zxx\">M710 Wenn Klopfen nicht hilft<br \/>\n<\/span><\/h5>\n<p align=\"left\"><span style=\"color: #ff6600;\"><strong>Wenn Du Dich sehr stark in Deinen Selbstsabotagemustern verstrickt hast, dann kann es sein, dass Dein Unterbewusstsein nicht zulassen kann, dass das Klopfen bei Dir \u00fcberhaupt etwas bewirkt. Das behandeln wir heute in einer extra Runde.<br \/>\n<\/strong><\/span><\/p>\n<p>&nbsp;<\/p>\n","protected":false},"excerpt":{"rendered":"<h5><\/h5>\n<table id=\"cart\" class=\"order_table with_product_image with_prices\" style=\"height: 67px;\" width=\"535\">\n<tbody>\n<tr class=\"body product product_bottom \">\n<td class=\"image\">\n<h4><span style=\"color: #dd3333;\"><strong><br \/>\nMODUL 7:\u00a0 &#8222;Selbstsabotage aufl\u00f6sen&#8220;<\/strong><\/span><\/h4>\n<p>&nbsp;<\/td>\n<td class=\"details\">\n<div class=\"description\">\n<p><span style=\"color: #ff6600;\"><strong>200 min. Videomaterial zum eigenst\u00e4ndigen Arbeiten mit EFT<\/strong><\/span><\/p>\n<\/div>\n<\/td>\n<\/tr>\n<\/tbody>\n<\/table>\n<p><span style=\"color: #dd3333;\"><a style=\"color: #dd3333;\" href=\"https:\/\/onlinekurs.seelenklopfen.de\/index.php\/disclaimer\/\" target=\"_blank\" rel=\"noopener\"><em>Vor der Bestellung bitte zuerst den Disclaimer lesen!<\/em><\/a><\/span><\/p>\n","protected":false},"featured_media":466,"template":"","meta":[],"product_brand":[],"product_cat":[32],"product_tag":[],"class_list":{"0":"post-1367","1":"product","2":"type-product","3":"status-publish","4":"has-post-thumbnail","6":"product_cat-module","8":"first","9":"instock","10":"virtual","11":"purchasable","12":"product-type-simple"},"_links":{"self":[{"href":"https:\/\/onlinekurs.seelenklopfen.de\/index.php\/wp-json\/wp\/v2\/product\/1367","targetHints":{"allow":["GET"]}}],"collection":[{"href":"https:\/\/onlinekurs.seelenklopfen.de\/index.php\/wp-json\/wp\/v2\/product"}],"about":[{"href":"https:\/\/onlinekurs.seelenklopfen.de\/index.php\/wp-json\/wp\/v2\/types\/product"}],"wp:featuredmedia":[{"embeddable":true,"href":"https:\/\/onlinekurs.seelenklopfen.de\/index.php\/wp-json\/wp\/v2\/media\/466"}],"wp:attachment":[{"href":"https:\/\/onlinekurs.seelenklopfen.de\/index.php\/wp-json\/wp\/v2\/media?parent=1367"}],"wp:term":[{"taxonomy":"product_brand","embeddable":true,"href":"https:\/\/onlinekurs.seelenklopfen.de\/index.php\/wp-json\/wp\/v2\/product_brand?post=1367"},{"taxonomy":"product_cat","embeddable":true,"href":"https:\/\/onlinekurs.seelenklopfen.de\/index.php\/wp-json\/wp\/v2\/product_cat?post=1367"},{"taxonomy":"product_tag","embeddable":true,"href":"https:\/\/onlinekurs.seelenklopfen.de\/index.php\/wp-json\/wp\/v2\/product_tag?post=1367"}],"curies":[{"name":"wp","href":"https:\/\/api.w.org\/{rel}","templated":true}]}}