
{"id":1368,"date":"2021-05-02T18:18:49","date_gmt":"2021-05-02T16:18:49","guid":{"rendered":"https:\/\/onlinekurs.seelenklopfen.de\/?post_type=product&#038;p=1368"},"modified":"2026-02-25T17:46:47","modified_gmt":"2026-02-25T16:46:47","slug":"seelenklopfen-onlinekurs-modul-8","status":"publish","type":"product","link":"https:\/\/onlinekurs.seelenklopfen.de\/index.php\/produkt\/seelenklopfen-onlinekurs-modul-8\/","title":{"rendered":"Seelenklopfen Onlinekurs Modul 8"},"content":{"rendered":"<h4 align=\"left\"><span style=\"color: #dd3333;\"><strong>Herzlich willkommen beim Seelenklopfen Onlinekurs!<\/strong><\/span><\/h4>\n<h5 align=\"left\"><strong>Sch\u00f6n, dass Du da bist und mit mir zusammen &#8222;klopfen&#8220; m\u00f6chtest!<\/strong><\/h5>\n<p>&nbsp;<\/p>\n<p align=\"left\"><strong><img loading=\"lazy\" decoding=\"async\" class=\"wp-image-2442 alignleft\" src=\"https:\/\/onlinekurs.seelenklopfen.de\/wp-content\/uploads\/2023\/08\/8-300x300.png\" alt=\"\" width=\"254\" height=\"254\" srcset=\"https:\/\/onlinekurs.seelenklopfen.de\/wp-content\/uploads\/2023\/08\/8-300x300.png 300w, https:\/\/onlinekurs.seelenklopfen.de\/wp-content\/uploads\/2023\/08\/8-1024x1024.png 1024w, https:\/\/onlinekurs.seelenklopfen.de\/wp-content\/uploads\/2023\/08\/8-150x150.png 150w, https:\/\/onlinekurs.seelenklopfen.de\/wp-content\/uploads\/2023\/08\/8-768x768.png 768w, https:\/\/onlinekurs.seelenklopfen.de\/wp-content\/uploads\/2023\/08\/8-1000x1000.png 1000w, https:\/\/onlinekurs.seelenklopfen.de\/wp-content\/uploads\/2023\/08\/8-230x230.png 230w, https:\/\/onlinekurs.seelenklopfen.de\/wp-content\/uploads\/2023\/08\/8-350x350.png 350w, https:\/\/onlinekurs.seelenklopfen.de\/wp-content\/uploads\/2023\/08\/8-480x480.png 480w, https:\/\/onlinekurs.seelenklopfen.de\/wp-content\/uploads\/2023\/08\/8-420x420.png 420w, https:\/\/onlinekurs.seelenklopfen.de\/wp-content\/uploads\/2023\/08\/8-800x800.png 800w, https:\/\/onlinekurs.seelenklopfen.de\/wp-content\/uploads\/2023\/08\/8-100x100.png 100w, https:\/\/onlinekurs.seelenklopfen.de\/wp-content\/uploads\/2023\/08\/8.png 1080w\" sizes=\"auto, (max-width: 254px) 100vw, 254px\" \/><\/strong><\/p>\n<p align=\"left\"><strong><br \/>\nWenn Du durch viele depressive R\u00fcckf\u00e4lle kaum noch Hoffnung hast, jemals wieder gesund zu werden, dann ist das achte Modul &#8222;Neue Hoffnung&#8220; perfekt f\u00fcr Dich.<\/strong><\/p>\n<p><strong>Dieses Modul besteht aus insgesamt 15 Videos, davon 5 Tutorials und 10 Mitklopfrunden.<\/strong><\/p>\n<p><span style=\"color: #dd3333;\"><a style=\"color: #dd3333;\" href=\"https:\/\/onlinekurs.seelenklopfen.de\/index.php\/disclaimer\/\" target=\"_blank\" rel=\"noopener\"><em>Vor der Bestellung bitte zuerst den Disclaimer lesen!<\/em><\/a><\/span><\/p>\n<p>&nbsp;<\/p>\n<p>&nbsp;<\/p>\n<hr \/>\n<h4><\/h4>\n<h4><strong><span style=\"color: #dd3333;\">Was erwartet Dich in diesem Modul?<\/span><br \/>\n<\/strong><\/h4>\n<h3><\/h3>\n<h5><span lang=\"zxx\">1) Begr\u00fc\u00dfungsvideo<br \/>\n<\/span><\/h5>\n<p><span style=\"color: #ff6600;\"><strong>Im ersten Video gebe ich Dir erstmal einen \u00dcberblick \u00fcber alles, was Dich in diesem Modul erwartet.<\/strong><\/span><\/p>\n<p>&nbsp;<\/p>\n<h5 id=\"disclaimer\" class=\"position\"><span lang=\"zxx\"><strong>&#8211; Disclaimer &#8211;<\/strong><br \/>\n<\/span><\/h5>\n<p align=\"left\"><span style=\"color: #ff6600;\"><strong>In diesem Video erkl\u00e4re ich genau, f\u00fcr wen dieser Onlinekurs geeignet ist und f\u00fcr wen nicht, was das Ziel dieses Onlinekurses ist, und was es sonst noch zu beachten gibt.<\/strong><\/span><\/p>\n<p align=\"left\"><em>Der Kurs ist f\u00fcr Menschen gedacht, die wenig Selbstwertgef\u00fchl haben, evt. unter leichten bis mittelschweren Depressionen, Burnout oder \u00c4ngsten leiden und mit Hilfe von EFT lernen m\u00f6chten, ihre negativen Gedanken- und Verhaltensmuster zu ver\u00e4ndern, ihre belastenden Emotionen zu lindern und sich selbst so zu lieben und zu akzeptieren, wie sie sind.<\/em><\/p>\n<p align=\"left\"><em>Ziel dieses Kurses kann nicht die Heilung von Depressionen sein, sondern das Erlernen der Technik EFT, um damit selbst\u00e4ndig arbeiten zu k\u00f6nnen. Die Teilnahme am Kurs kann eine Psychotherapie oder den Besuch beim Arzt nicht ersetzen.<\/em><\/p>\n<p align=\"left\"><em>Bei schweren psychischen Erkrankungen wie z.B. schweren Depressionen, akuten Psychosen, schweren Zwangssymptomen, schweren Traumatisierungen, Drogenmissbrauch, selbstverletzendem Verhalten, Suizidgedanken, sowie bei schweren k\u00f6rperlichen Erkrankungen ist dieser Selbsthilfekurs NICHT geeignet!!! In diesem Fall ist eine pers\u00f6nliche, ggf. \u00e4rztliche Betreuung unerl\u00e4sslich.<\/em><\/p>\n<h5><\/h5>\n<p>&nbsp;<\/p>\n<h5><span lang=\"zxx\">2) Anleitung in 10 Punkten<\/span><\/h5>\n<p><span style=\"color: #ff6600;\"><strong>In diesem Tutorial erkl\u00e4re ich Dir ausf\u00fchrlich, wie Du mit den Mitklopfvideos am besten arbeiten und sie optimal f\u00fcr die Selbsthilfe nutzen kannst. <\/strong><\/span><\/p>\n<p>&nbsp;<\/p>\n<h5><span lang=\"zxx\">3) EFT Tutorial<\/span><\/h5>\n<p align=\"left\"><span style=\"color: #ff6600;\"><strong>In diesem Tutorial erkl\u00e4re ich Dir alles \u00fcber die Klopfakupressur, was Du f\u00fcr die Anwendung als Selbsthilfetechnik wissen musst. <\/strong><\/span><\/p>\n<p>&nbsp;<\/p>\n<h5><span lang=\"zxx\">4) Der kinesiologische Muskeltest<\/span><\/h5>\n<p class=\"western\" align=\"left\"><span style=\"color: #ff6600;\"><strong>In diesem Tutorial erkl\u00e4re ich Dir, wie Du als einfaches Instrument zur Selbstdiagnostik den kinesiologischen Muskeltest anwenden kannst.<\/strong><\/span><\/p>\n<h5><\/h5>\n<p>&nbsp;<\/p>\n<h5><\/h5>\n<h5><span lang=\"zxx\">5) Meditation: &#8222;Die Lichtwaschanlage&#8220;<\/span><\/h5>\n<p align=\"left\"><span style=\"color: #ff6600;\"><strong>Dieses Video enth\u00e4lt eine kleine meditative Visualisierungs\u00fcbung zum Loslassen und zur energetischen Reinigung und Transformation mit Hilfe von Licht und Farben.<\/strong><\/span><\/p>\n<p>&nbsp;<\/p>\n<p>&nbsp;<\/p>\n<h3>Mitklopfrunden:<\/h3>\n<h5><span lang=\"zxx\">M801 Selbstliebe lernen<br \/>\n<\/span><\/h5>\n<p align=\"left\"><strong><span style=\"color: #ff6600;\">Eine der wichtigsten \u00dcbungen beim \u00dcberwinden einer Depression ist, Dich selbst bedingungslos lieben und akzeptieren zu lernen. Deshalb fangen wir damit an. <\/span><br \/>\n<\/strong><\/p>\n<h5><\/h5>\n<p>&nbsp;<\/p>\n<h5><span lang=\"zxx\">M802 Hoffnungslosigkeit und Sinnlosigkeit<br \/>\n<\/span><\/h5>\n<p align=\"left\"><strong><span style=\"color: #ff6600;\">Die wichtigste Klopfrunde dieses Moduls besteht in der Bearbeitung genau dieses Gef\u00fchls, dass Dir alles sinnlos und hoffnungslos erscheint. <\/span><br \/>\n<\/strong><\/p>\n<p>&nbsp;<\/p>\n<h5><span lang=\"zxx\">M803 Mit R\u00fcckf\u00e4llen umgehen<br \/>\n<\/span><\/h5>\n<p align=\"left\"><strong><span style=\"color: #ff6600;\">Ein Teil Deiner Hoffnungslosigkeit kann in den Momenten entstanden sein, wenn Du von einer hellen in eine dunkle Phase &#8222;abst\u00fcrzt&#8220; und daraus den falschen Schluss gezogen hast, Du k\u00f6nntest nie wieder gesund werden.<\/span><br \/>\n<\/strong><\/p>\n<p>&nbsp;<\/p>\n<h5><span lang=\"zxx\">M804 Schlimme Erinnerungen loslassen<br \/>\n<\/span><\/h5>\n<p align=\"left\"><strong><span style=\"color: #ff6600;\">Deine Hoffnungslosigkeit kann auch daher gekommen sein, dass Du immer wieder negative Erfahrungen gemacht hast und nun nicht mehr daran glauben kannst, dass alles gut wird. Mit dieser Klopfrunde kannst Du lernen, Deine negativen Erinnerungen loszulassen.<br \/>\n<\/span><\/strong><\/p>\n<p>&nbsp;<\/p>\n<h5><span lang=\"zxx\">M805 Zweifel und Pessimismus<br \/>\n<\/span><\/h5>\n<p align=\"left\"><strong><span style=\"color: #ff6600;\">Ein ganz h\u00e4ufiger Grund, warum Menschen keine Hoffnung mehr haben, sind ihre st\u00e4ndigen Zweifel und pessimistischen Gedanken. Die k\u00f6nnen wir mit EFT \u00e4ndern.<\/span> <\/strong><\/p>\n<h5><\/h5>\n<p>&nbsp;<\/p>\n<h5><\/h5>\n<h5><span lang=\"zxx\">M806 Vertrauen lernen<br \/>\n<\/span><\/h5>\n<p class=\"western\" align=\"left\"><strong><span style=\"color: #ff6600;\">Auf dem Weg zur neuen Hoffnung ist es eine wichtige \u00dcbung, wieder vertrauen zu lernen und an Dich und Deine gl\u00fcckliche Zukunft zu glauben.<\/span><br \/>\n<\/strong><\/p>\n<h5><\/h5>\n<p>&nbsp;<\/p>\n<h5><span lang=\"zxx\">M807 Glaubenss\u00e4tze transformieren<br \/>\n<\/span><\/h5>\n<p align=\"left\"><strong><span style=\"color: #ff6600;\">Mit dieser allgemein formulierten Klopfrunde kannst Du alle hinderlichen Glaubenss\u00e4tze und Muster ver\u00e4ndern und loslassen, die Dir auf Deinem Weg nicht mehr dienlich sind.<\/span><br \/>\n<\/strong><\/p>\n<p>&nbsp;<\/p>\n<h5><span lang=\"zxx\">M808 &#8222;Ich kann nicht gl\u00fccklich sein!&#8220;<br \/>\n<\/span><\/h5>\n<p align=\"left\"><strong><span style=\"color: #ff6600;\">Wenn Du keine Hoffnung mehr hast, dann hast Du vermutlich die unbewusste \u00dcberzeugung, dass es f\u00fcr Dich gar nicht m\u00f6glich ist, gesund zu werden. An diesem Glaubenssatz arbeiten wir heute.<\/span><br \/>\n<\/strong><\/p>\n<p>&nbsp;<\/p>\n<h5><span lang=\"zxx\">M809 &#8222;Depressionen sind unheilbar!&#8220;<br \/>\n<\/span><\/h5>\n<p align=\"left\"><strong><span style=\"color: #ff6600;\">Falls Dir schonmal andere Menschen wie z.B. Freunde, Verwandte, \u00c4rzte oder Therapeuten gesagt haben, Depressionen k\u00f6nne man nicht \u00fcberwinden, und Du m\u00fcsstest nun f\u00fcr immer damit leben: Auch das ist nur ein Glaubenssatz! Den bearbeiten wir heute. <\/span><br \/>\n<\/strong><\/p>\n<p>&nbsp;<\/p>\n<h5><span lang=\"zxx\">M810 Wenn Klopfen nicht hilft<br \/>\n<\/span><\/h5>\n<p align=\"left\"><strong><span style=\"color: #ff6600;\">Wenn Du sehr stark davon \u00fcberzeugt bist, niemals wieder gesund zu werden, dann kann es sein, dass Dein Unterbewusstsein in die Selbstsabotage geht und nicht zul\u00e4sst, dass das Klopfen bei Dir \u00fcberhaupt etwas bewirkt. Das behandeln wir zum Schluss nochmal in einer extra Runde.<\/span><br \/>\n<\/strong><\/p>\n<p>&nbsp;<\/p>\n","protected":false},"excerpt":{"rendered":"<h5><\/h5>\n<table id=\"cart\" class=\"order_table with_product_image with_prices\" style=\"height: 67px;\" width=\"535\">\n<tbody>\n<tr class=\"body product product_bottom \">\n<td class=\"image\">\n<h4><span style=\"color: #dd3333;\"><strong><br \/>\nMODUL 8: &#8222;Neue Hoffnung&#8220;<\/strong><\/span><\/h4>\n<p>&nbsp;<\/td>\n<td class=\"details\">\n<div class=\"description\">\n<p><span style=\"color: #ff6600;\"><strong>207 min. Videomaterial zum eigenst\u00e4ndigen Arbeiten mit EFT<\/strong><\/span><\/p>\n<\/div>\n<\/td>\n<\/tr>\n<\/tbody>\n<\/table>\n<h5><\/h5>\n<p><span style=\"color: #dd3333;\"><a style=\"color: #dd3333;\" href=\"https:\/\/onlinekurs.seelenklopfen.de\/index.php\/disclaimer\/\" target=\"_blank\" rel=\"noopener\"><em>Vor der Bestellung bitte zuerst den Disclaimer lesen!<\/em><\/a><\/span><\/p>\n","protected":false},"featured_media":474,"template":"","meta":[],"product_brand":[],"product_cat":[32],"product_tag":[],"class_list":{"0":"post-1368","1":"product","2":"type-product","3":"status-publish","4":"has-post-thumbnail","6":"product_cat-module","8":"first","9":"instock","10":"virtual","11":"purchasable","12":"product-type-simple"},"_links":{"self":[{"href":"https:\/\/onlinekurs.seelenklopfen.de\/index.php\/wp-json\/wp\/v2\/product\/1368","targetHints":{"allow":["GET"]}}],"collection":[{"href":"https:\/\/onlinekurs.seelenklopfen.de\/index.php\/wp-json\/wp\/v2\/product"}],"about":[{"href":"https:\/\/onlinekurs.seelenklopfen.de\/index.php\/wp-json\/wp\/v2\/types\/product"}],"wp:featuredmedia":[{"embeddable":true,"href":"https:\/\/onlinekurs.seelenklopfen.de\/index.php\/wp-json\/wp\/v2\/media\/474"}],"wp:attachment":[{"href":"https:\/\/onlinekurs.seelenklopfen.de\/index.php\/wp-json\/wp\/v2\/media?parent=1368"}],"wp:term":[{"taxonomy":"product_brand","embeddable":true,"href":"https:\/\/onlinekurs.seelenklopfen.de\/index.php\/wp-json\/wp\/v2\/product_brand?post=1368"},{"taxonomy":"product_cat","embeddable":true,"href":"https:\/\/onlinekurs.seelenklopfen.de\/index.php\/wp-json\/wp\/v2\/product_cat?post=1368"},{"taxonomy":"product_tag","embeddable":true,"href":"https:\/\/onlinekurs.seelenklopfen.de\/index.php\/wp-json\/wp\/v2\/product_tag?post=1368"}],"curies":[{"name":"wp","href":"https:\/\/api.w.org\/{rel}","templated":true}]}}