
{"id":1369,"date":"2021-05-02T18:24:00","date_gmt":"2021-05-02T16:24:00","guid":{"rendered":"https:\/\/onlinekurs.seelenklopfen.de\/?post_type=product&#038;p=1369"},"modified":"2026-02-25T17:46:11","modified_gmt":"2026-02-25T16:46:11","slug":"seelenklopfen-onlinekurs-modul-9","status":"publish","type":"product","link":"https:\/\/onlinekurs.seelenklopfen.de\/index.php\/produkt\/seelenklopfen-onlinekurs-modul-9\/","title":{"rendered":"Seelenklopfen Onlinekurs Modul 9"},"content":{"rendered":"<h4 align=\"left\"><span style=\"color: #dd3333;\"><strong>Herzlich willkommen beim Seelenklopfen Onlinekurs!<\/strong><\/span><\/h4>\n<h5 align=\"left\"><strong>Sch\u00f6n, dass Du da bist und mit mir zusammen &#8222;klopfen&#8220; m\u00f6chtest!<\/strong><\/h5>\n<p>&nbsp;<\/p>\n<p align=\"left\"><strong><img loading=\"lazy\" decoding=\"async\" class=\"wp-image-2443 alignleft\" src=\"https:\/\/onlinekurs.seelenklopfen.de\/wp-content\/uploads\/2023\/08\/9-300x300.png\" alt=\"\" width=\"241\" height=\"241\" srcset=\"https:\/\/onlinekurs.seelenklopfen.de\/wp-content\/uploads\/2023\/08\/9-300x300.png 300w, https:\/\/onlinekurs.seelenklopfen.de\/wp-content\/uploads\/2023\/08\/9-1024x1024.png 1024w, https:\/\/onlinekurs.seelenklopfen.de\/wp-content\/uploads\/2023\/08\/9-150x150.png 150w, https:\/\/onlinekurs.seelenklopfen.de\/wp-content\/uploads\/2023\/08\/9-768x768.png 768w, https:\/\/onlinekurs.seelenklopfen.de\/wp-content\/uploads\/2023\/08\/9-1000x1000.png 1000w, https:\/\/onlinekurs.seelenklopfen.de\/wp-content\/uploads\/2023\/08\/9-230x230.png 230w, https:\/\/onlinekurs.seelenklopfen.de\/wp-content\/uploads\/2023\/08\/9-350x350.png 350w, https:\/\/onlinekurs.seelenklopfen.de\/wp-content\/uploads\/2023\/08\/9-480x480.png 480w, https:\/\/onlinekurs.seelenklopfen.de\/wp-content\/uploads\/2023\/08\/9-420x420.png 420w, https:\/\/onlinekurs.seelenklopfen.de\/wp-content\/uploads\/2023\/08\/9-800x800.png 800w, https:\/\/onlinekurs.seelenklopfen.de\/wp-content\/uploads\/2023\/08\/9-100x100.png 100w, https:\/\/onlinekurs.seelenklopfen.de\/wp-content\/uploads\/2023\/08\/9.png 1080w\" sizes=\"auto, (max-width: 241px) 100vw, 241px\" \/><\/strong><\/p>\n<p align=\"left\"><strong>Wenn Du zu den Menschen geh\u00f6rst, die immer alles kontrollieren wollen und nicht loslassen k\u00f6nnen, dann ist das neunte Modul &#8222;Loslassen lernen&#8220; perfekt f\u00fcr Dich.<\/strong><\/p>\n<p><strong>Dieses Modul besteht aus insgesamt 15 Videos, davon 5 Tutorials und 10 Mitklopfrunden.<\/strong><\/p>\n<p><span style=\"color: #dd3333;\"><a style=\"color: #dd3333;\" href=\"https:\/\/onlinekurs.seelenklopfen.de\/index.php\/disclaimer\/\" target=\"_blank\" rel=\"noopener\"><em>Vor der Bestellung bitte zuerst den Disclaimer lesen!<\/em><\/a><\/span><\/p>\n<p>&nbsp;<\/p>\n<p>&nbsp;<\/p>\n<hr \/>\n<h4><\/h4>\n<h4><strong><span style=\"color: #dd3333;\">Was erwartet Dich in diesem Modul?<\/span><br \/>\n<\/strong><\/h4>\n<h3><\/h3>\n<h5><span lang=\"zxx\">1) Begr\u00fc\u00dfungsvideo<br \/>\n<\/span><\/h5>\n<p><span style=\"color: #ff6600;\"><strong>Im ersten Video gebe ich Dir erstmal einen \u00dcberblick \u00fcber alles, was Dich in diesem Modul erwartet.<\/strong><\/span><\/p>\n<p>&nbsp;<\/p>\n<h5 id=\"disclaimer\" class=\"position\"><span lang=\"zxx\"><strong>&#8211; Disclaimer &#8211;<\/strong><br \/>\n<\/span><\/h5>\n<p align=\"left\"><span style=\"color: #ff6600;\"><strong>In diesem Video erkl\u00e4re ich genau, f\u00fcr wen dieser Onlinekurs geeignet ist und f\u00fcr wen nicht, was das Ziel dieses Onlinekurses ist, und was es sonst noch zu beachten gibt.<\/strong><\/span><\/p>\n<p align=\"left\"><em>Der Kurs ist f\u00fcr Menschen gedacht, die wenig Selbstwertgef\u00fchl haben, evt. unter leichten bis mittelschweren Depressionen, Burnout oder \u00c4ngsten leiden und mit Hilfe von EFT lernen m\u00f6chten, ihre negativen Gedanken- und Verhaltensmuster zu ver\u00e4ndern, ihre belastenden Emotionen zu lindern und sich selbst so zu lieben und zu akzeptieren, wie sie sind.<\/em><\/p>\n<p align=\"left\"><em>Ziel dieses Kurses kann nicht die Heilung von Depressionen sein, sondern das Erlernen der Technik EFT, um damit selbst\u00e4ndig arbeiten zu k\u00f6nnen. Die Teilnahme am Kurs kann eine Psychotherapie oder den Besuch beim Arzt nicht ersetzen.<\/em><\/p>\n<p align=\"left\"><em>Bei schweren psychischen Erkrankungen wie z.B. schweren Depressionen, akuten Psychosen, schweren Zwangssymptomen, schweren Traumatisierungen, Drogenmissbrauch, selbstverletzendem Verhalten, Suizidgedanken, sowie bei schweren k\u00f6rperlichen Erkrankungen ist dieser Selbsthilfekurs NICHT geeignet!!! In diesem Fall ist eine pers\u00f6nliche, ggf. \u00e4rztliche Betreuung unerl\u00e4sslich.<\/em><\/p>\n<h5><\/h5>\n<p>&nbsp;<\/p>\n<h5><span lang=\"zxx\">2) Anleitung in 10 Punkten<\/span><\/h5>\n<p><span style=\"color: #ff6600;\"><strong>In diesem Tutorial erkl\u00e4re ich Dir ausf\u00fchrlich, wie Du mit den Mitklopfvideos am besten arbeiten und sie optimal f\u00fcr die Selbsthilfe nutzen kannst. <\/strong><\/span><\/p>\n<p>&nbsp;<\/p>\n<h5><span lang=\"zxx\">3) EFT Tutorial<\/span><\/h5>\n<p align=\"left\"><span style=\"color: #ff6600;\"><strong>In diesem Tutorial erkl\u00e4re ich Dir alles \u00fcber die Klopfakupressur, was Du f\u00fcr die Anwendung als Selbsthilfetechnik wissen musst. <\/strong><\/span><\/p>\n<p>&nbsp;<\/p>\n<h5><span lang=\"zxx\">4) Der kinesiologische Muskeltest<\/span><\/h5>\n<p class=\"western\" align=\"left\"><span style=\"color: #ff6600;\"><strong>In diesem Tutorial erkl\u00e4re ich Dir, wie Du als einfaches Instrument zur Selbstdiagnostik den kinesiologischen Muskeltest anwenden kannst.<\/strong><\/span><\/p>\n<h5><\/h5>\n<p>&nbsp;<\/p>\n<h5><\/h5>\n<h5><span lang=\"zxx\">5) Meditation: &#8222;Die Lichtwaschanlage&#8220;<\/span><\/h5>\n<p align=\"left\"><span style=\"color: #ff6600;\"><strong>Dieses Video enth\u00e4lt eine kleine meditative Visualisierungs\u00fcbung zum Loslassen und zur energetischen Reinigung und Transformation mit Hilfe von Licht und Farben.<\/strong><\/span><\/p>\n<p>&nbsp;<\/p>\n<p>&nbsp;<\/p>\n<h3>Mitklopfrunden:<\/h3>\n<h5><span lang=\"zxx\">M901 Notfallklopfrunde<br \/>\n<\/span><\/h5>\n<p align=\"left\"><strong><span style=\"color: #ff6600;\">Als erstes bekommst Du von mir eine Anleitung, wie Du mit seelischen Notf\u00e4llen umgehen kannst. Wenn z.B. irgendetwas passiert, das Dir so unangenehm ist, dass Du es auf keinen Fall so haben willst und am liebsten eine sofortige L\u00f6sung daf\u00fcr erzwingen w\u00fcrdest, kannst Du hier mitklopfen.<\/span><br \/>\n<\/strong><\/p>\n<h5><\/h5>\n<p>&nbsp;<\/p>\n<h5><span lang=\"zxx\">M902 Stress &#8211; &#8222;Mir ist gerade alles zu viel!&#8220;<br \/>\n<\/span><\/h5>\n<p align=\"left\"><strong><span style=\"color: #ff6600;\">Diese Klopfrunde ist f\u00fcr Situationen gedacht, in denen Du Dich selbst \u00fcberfordert hast und nun gar nicht mehr aus Deinem Stress rausfindest.<\/span><br \/>\n<\/strong><\/p>\n<p>&nbsp;<\/p>\n<h5><span lang=\"zxx\">M903 St\u00e4ndige Angst und Sorge<br \/>\n<\/span><\/h5>\n<p align=\"left\"><strong><span style=\"color: #ff6600;\">Wenn Du Dir st\u00e4ndig im Alltag Sorgen \u00fcber etwas machst, und einfach nicht vertrauen kannst, dass auch ohne Deine Kontrolle alles gut wird, ist diese Klopfrunde f\u00fcr Dich.<\/span><br \/>\n<\/strong><\/p>\n<p>&nbsp;<\/p>\n<h5><span lang=\"zxx\">M904 Angst vor dem Vulkan verdr\u00e4ngter Gef\u00fchle<br \/>\n<\/span><\/h5>\n<p align=\"left\"><strong><span style=\"color: #ff6600;\">Menschen, die immer die Kontrolle behalten wollen, tun sich oft schwer damit, beim Klopfen ihre Gef\u00fchle zuzulassen. Es kann sich sehr be\u00e4ngstigend anf\u00fchlen, so als ob gleich ein Vulkan unkontrolliert ausbricht. Diese Angst k\u00f6nnen wir vorher beklopfen.<\/span><br \/>\n<\/strong><\/p>\n<p>&nbsp;<\/p>\n<h5><span lang=\"zxx\">M905 Angst vor Verlust<br \/>\n<\/span><\/h5>\n<p align=\"left\"><strong><span style=\"color: #ff6600;\">Verlustangst ist ein ganz h\u00e4ufiger Grund, warum Menschen nicht loslassen k\u00f6nnen und alles festhalten und kontrollieren wollen.<\/span> <\/strong><\/p>\n<h5><\/h5>\n<p>&nbsp;<\/p>\n<h5><\/h5>\n<h5><span lang=\"zxx\">M906 Verurteilungen und Bewertungen loslassen<br \/>\n<\/span><\/h5>\n<p class=\"western\" align=\"left\"><strong><span style=\"color: #ff6600;\">Auf dem Weg zum Gl\u00fcck ist es sehr hilfreich, Deine Bewertungen der Dinge als &#8222;schlimm&#8220; und Deine Verurteilungen und Vorw\u00fcrfe loslassen zu lernen. <\/span><br \/>\n<\/strong><\/p>\n<h5><\/h5>\n<p>&nbsp;<\/p>\n<h5><span lang=\"zxx\">M907 Vertrauen lernen<br \/>\n<\/span><\/h5>\n<p align=\"left\"><strong><span style=\"color: #ff6600;\">Loslassen k\u00f6nnen wir nur dann wagen, wenn wir vorher gelernt haben zu vertrauen. Das \u00fcben wir mit dieser Klopfrunde.<\/span><br \/>\n<\/strong><\/p>\n<p>&nbsp;<\/p>\n<h5><span lang=\"zxx\">M908 Vergebung<br \/>\n<\/span><\/h5>\n<p align=\"left\"><strong><span style=\"color: #ff6600;\">Zum Loslassen geh\u00f6rt auch, unsere Vorw\u00fcrfe gegen\u00fcber anderen Menschen aufgrund vergangener Erlebnisse loszulassen. Vergeben und verzeihen ist nicht leicht, deshalb \u00fcben wir es jetzt zusammen. <\/span><br \/>\n<\/strong><\/p>\n<p>&nbsp;<\/p>\n<h5><span lang=\"zxx\">M909 <\/span><span lang=\"zxx\">Glaubenss\u00e4tze transformieren<\/span><\/h5>\n<p align=\"left\"><strong><span style=\"color: #ff6600;\">Mit dieser allgemein formulierten Klopfrunde bekommst Du eine inspirierende Sammlung von S\u00e4tzen, bei denen sich im Grunde alles ums Loslassen dreht. Glaubenss\u00e4tze, unerw\u00fcnschte Verhaltensmuster und vieles mehr kannst Du mit diesen S\u00e4tzen loslassen und transformieren.<\/span><br \/>\n<\/strong><\/p>\n<p>&nbsp;<\/p>\n<h5><span lang=\"zxx\">M910 &#8222;Ich muss perfekt sein!&#8220;<br \/>\n<\/span><\/h5>\n<p align=\"left\"><strong><span style=\"color: #ff6600;\">Als Beispiel f\u00fcr eine konkrete Klopfrunde zum Loslassen von alten \u00dcberzeugungen, \u00fcben wir das heute mit dem Klassiker unter den depressiven Glaubenss\u00e4tzen: &#8222;Ich muss perfekt sein!&#8220;<br \/>\n<\/span><\/strong><\/p>\n","protected":false},"excerpt":{"rendered":"<h5><\/h5>\n<table id=\"cart\" class=\"order_table with_product_image with_prices\" style=\"height: 67px;\" width=\"535\">\n<tbody>\n<tr class=\"body product product_bottom \">\n<td class=\"image\">\n<h4><span style=\"color: #dd3333;\"><strong><br \/>\nMODUL 9: &#8222;Loslassen lernen&#8220;<\/strong><\/span><\/h4>\n<p>&nbsp;<\/td>\n<td class=\"details\">\n<div class=\"description\">\n<p><span style=\"color: #ff6600;\"><strong>237 min. Videomaterial zum eigenst\u00e4ndigen Arbeiten mit EFT<\/strong><\/span><\/p>\n<\/div>\n<\/td>\n<\/tr>\n<\/tbody>\n<\/table>\n<h5><\/h5>\n<p><span style=\"color: #dd3333;\"><a style=\"color: #dd3333;\" href=\"https:\/\/onlinekurs.seelenklopfen.de\/index.php\/disclaimer\/\" target=\"_blank\" rel=\"noopener\"><em>Vor der Bestellung bitte zuerst den Disclaimer lesen!<\/em><\/a><\/span><\/p>\n<p>&nbsp;<\/p>\n","protected":false},"featured_media":779,"template":"","meta":[],"product_brand":[],"product_cat":[32],"product_tag":[],"class_list":{"0":"post-1369","1":"product","2":"type-product","3":"status-publish","4":"has-post-thumbnail","6":"product_cat-module","8":"first","9":"instock","10":"virtual","11":"purchasable","12":"product-type-simple"},"_links":{"self":[{"href":"https:\/\/onlinekurs.seelenklopfen.de\/index.php\/wp-json\/wp\/v2\/product\/1369","targetHints":{"allow":["GET"]}}],"collection":[{"href":"https:\/\/onlinekurs.seelenklopfen.de\/index.php\/wp-json\/wp\/v2\/product"}],"about":[{"href":"https:\/\/onlinekurs.seelenklopfen.de\/index.php\/wp-json\/wp\/v2\/types\/product"}],"wp:featuredmedia":[{"embeddable":true,"href":"https:\/\/onlinekurs.seelenklopfen.de\/index.php\/wp-json\/wp\/v2\/media\/779"}],"wp:attachment":[{"href":"https:\/\/onlinekurs.seelenklopfen.de\/index.php\/wp-json\/wp\/v2\/media?parent=1369"}],"wp:term":[{"taxonomy":"product_brand","embeddable":true,"href":"https:\/\/onlinekurs.seelenklopfen.de\/index.php\/wp-json\/wp\/v2\/product_brand?post=1369"},{"taxonomy":"product_cat","embeddable":true,"href":"https:\/\/onlinekurs.seelenklopfen.de\/index.php\/wp-json\/wp\/v2\/product_cat?post=1369"},{"taxonomy":"product_tag","embeddable":true,"href":"https:\/\/onlinekurs.seelenklopfen.de\/index.php\/wp-json\/wp\/v2\/product_tag?post=1369"}],"curies":[{"name":"wp","href":"https:\/\/api.w.org\/{rel}","templated":true}]}}