
{"id":1541,"date":"2021-09-21T10:23:02","date_gmt":"2021-09-21T08:23:02","guid":{"rendered":"https:\/\/onlinekurs.seelenklopfen.de\/?post_type=product&#038;p=1541"},"modified":"2026-02-25T17:44:30","modified_gmt":"2026-02-25T16:44:30","slug":"upgrade-auf-modul-10","status":"publish","type":"product","link":"https:\/\/onlinekurs.seelenklopfen.de\/index.php\/produkt\/upgrade-auf-modul-10\/","title":{"rendered":"Upgrade auf Modul 10"},"content":{"rendered":"<h4>Falsch entschieden?<\/h4>\n<p><span style=\"color: #dd3333;\"><strong><img loading=\"lazy\" decoding=\"async\" class=\"alignleft wp-image-1242 size-medium\" src=\"https:\/\/onlinekurs.seelenklopfen.de\/wp-content\/uploads\/2021\/04\/Frau-ueberlegt-zweifelt-300x200.jpg\" alt=\"\" width=\"300\" height=\"200\" srcset=\"https:\/\/onlinekurs.seelenklopfen.de\/wp-content\/uploads\/2021\/04\/Frau-ueberlegt-zweifelt-300x200.jpg 300w, https:\/\/onlinekurs.seelenklopfen.de\/wp-content\/uploads\/2021\/04\/Frau-ueberlegt-zweifelt-420x280.jpg 420w, https:\/\/onlinekurs.seelenklopfen.de\/wp-content\/uploads\/2021\/04\/Frau-ueberlegt-zweifelt-800x533.jpg 800w, https:\/\/onlinekurs.seelenklopfen.de\/wp-content\/uploads\/2021\/04\/Frau-ueberlegt-zweifelt-1024x682.jpg 1024w, https:\/\/onlinekurs.seelenklopfen.de\/wp-content\/uploads\/2021\/04\/Frau-ueberlegt-zweifelt-768x512.jpg 768w, https:\/\/onlinekurs.seelenklopfen.de\/wp-content\/uploads\/2021\/04\/Frau-ueberlegt-zweifelt-830x553.jpg 830w, https:\/\/onlinekurs.seelenklopfen.de\/wp-content\/uploads\/2021\/04\/Frau-ueberlegt-zweifelt-230x153.jpg 230w, https:\/\/onlinekurs.seelenklopfen.de\/wp-content\/uploads\/2021\/04\/Frau-ueberlegt-zweifelt-350x233.jpg 350w, https:\/\/onlinekurs.seelenklopfen.de\/wp-content\/uploads\/2021\/04\/Frau-ueberlegt-zweifelt-480x320.jpg 480w, https:\/\/onlinekurs.seelenklopfen.de\/wp-content\/uploads\/2021\/04\/Frau-ueberlegt-zweifelt.jpg 1280w\" sizes=\"auto, (max-width: 300px) 100vw, 300px\" \/>Hast Du Dich f\u00fcr ein Einzelmodul entschieden und merkst jetzt, dass Du eigentlich doch gerne den gesamten Kurs gehabt h\u00e4ttest?<\/strong><\/span><\/p>\n<p>Extra draufzahlen w\u00e4re ja bl\u00f6d, wenn Du Dich im Nachhinein doch noch f\u00fcr Modul 10 entscheidest, oder?<\/p>\n<p>Deshalb bekommst Du hier die M\u00f6glichkeit, auf Modul 10 &#8222;upzugraden&#8220;!<\/p>\n<p>Da Dein Einzelmodul ja im Gesamtpaket enthalten ist, wird Dir der bereits gezahlte Preis vom Gesamtpreis erstattet.<\/p>\n<p>&nbsp;<\/p>\n","protected":false},"excerpt":{"rendered":"<h6><strong>Achtung: Nur f\u00fcr Mitglieder, die bereits ein Einzelmodul besitzen!<\/strong><\/h6>\n<table id=\"cart\" class=\"order_table with_product_image with_prices\" style=\"height: 67px;\" width=\"535\">\n<tbody>\n<tr class=\"body product product_bottom \">\n<td class=\"image\">\n<h4><span style=\"color: #dd3333;\"><strong><br \/>\nMODUL 10:\u00a0 &#8222;Der gesamte Onlinekurs&#8220;<\/strong><\/span><\/h4>\n<p>&nbsp;<\/td>\n<td class=\"details\">\n<div class=\"description\">\n<p><span style=\"color: #ff6600;\"><strong>Upgrade von einem Einzelmodul auf die vollen 12 Std. Videomaterial<br \/>\n<\/strong><\/span><\/p>\n<\/div>\n<\/td>\n<\/tr>\n<\/tbody>\n<\/table>\n<h5><\/h5>\n","protected":false},"featured_media":868,"template":"","meta":[],"product_brand":[],"product_cat":[36],"product_tag":[],"class_list":{"0":"post-1541","1":"product","2":"type-product","3":"status-publish","4":"has-post-thumbnail","6":"product_cat-upgrades-auf-modul-10","8":"first","9":"instock","10":"sale","11":"virtual","12":"purchasable","13":"product-type-simple"},"_links":{"self":[{"href":"https:\/\/onlinekurs.seelenklopfen.de\/index.php\/wp-json\/wp\/v2\/product\/1541","targetHints":{"allow":["GET"]}}],"collection":[{"href":"https:\/\/onlinekurs.seelenklopfen.de\/index.php\/wp-json\/wp\/v2\/product"}],"about":[{"href":"https:\/\/onlinekurs.seelenklopfen.de\/index.php\/wp-json\/wp\/v2\/types\/product"}],"wp:featuredmedia":[{"embeddable":true,"href":"https:\/\/onlinekurs.seelenklopfen.de\/index.php\/wp-json\/wp\/v2\/media\/868"}],"wp:attachment":[{"href":"https:\/\/onlinekurs.seelenklopfen.de\/index.php\/wp-json\/wp\/v2\/media?parent=1541"}],"wp:term":[{"taxonomy":"product_brand","embeddable":true,"href":"https:\/\/onlinekurs.seelenklopfen.de\/index.php\/wp-json\/wp\/v2\/product_brand?post=1541"},{"taxonomy":"product_cat","embeddable":true,"href":"https:\/\/onlinekurs.seelenklopfen.de\/index.php\/wp-json\/wp\/v2\/product_cat?post=1541"},{"taxonomy":"product_tag","embeddable":true,"href":"https:\/\/onlinekurs.seelenklopfen.de\/index.php\/wp-json\/wp\/v2\/product_tag?post=1541"}],"curies":[{"name":"wp","href":"https:\/\/api.w.org\/{rel}","templated":true}]}}