
{"id":1632,"date":"2022-01-22T21:30:20","date_gmt":"2022-01-22T20:30:20","guid":{"rendered":"https:\/\/onlinekurs.seelenklopfen.de\/?post_type=product&#038;p=1632"},"modified":"2025-02-03T12:54:58","modified_gmt":"2025-02-03T11:54:58","slug":"kleines-klopfpaket1","status":"publish","type":"product","link":"https:\/\/onlinekurs.seelenklopfen.de\/index.php\/produkt\/kleines-klopfpaket1\/","title":{"rendered":"Kleines Klopfpaket:  1 Sitzung + 1 Einzelmodul"},"content":{"rendered":"<p>Auch wenn dieser Onlinekurs f\u00fcr die Selbsthilfe geeignet ist, macht es nicht nur f\u00fcr Klopf-Anf\u00e4nger durchaus Sinn, <strong>zun\u00e4chst mit einer pers\u00f6nlichen Klopfsitzung zu beginnen.\u00a0<\/strong><\/p>\n<p>Du kannst dabei alle Deine Fragen kl\u00e4ren und erf\u00e4hrst im direkten Kontakt, wie Du <strong>die allgemeinen Klopfvideos<\/strong> <strong>genau auf Dein spezielles Thema zuschneiden kannst<\/strong>.<br \/>\nSo wird es Dir anschlie\u00dfend leicht fallen, <strong>den Onlinekurs optimal zu nutzen.<br \/>\n<\/strong><\/p>\n<p>&nbsp;<\/p>\n<p><img loading=\"lazy\" decoding=\"async\" class=\"alignleft wp-image-1633\" src=\"https:\/\/onlinekurs.seelenklopfen.de\/wp-content\/uploads\/2022\/01\/Herz-Geschenk-1200x757-1-298x300.jpeg\" alt=\"\" width=\"199\" height=\"200\" srcset=\"https:\/\/onlinekurs.seelenklopfen.de\/wp-content\/uploads\/2022\/01\/Herz-Geschenk-1200x757-1-298x300.jpeg 298w, https:\/\/onlinekurs.seelenklopfen.de\/wp-content\/uploads\/2022\/01\/Herz-Geschenk-1200x757-1-420x422.jpeg 420w, https:\/\/onlinekurs.seelenklopfen.de\/wp-content\/uploads\/2022\/01\/Herz-Geschenk-1200x757-1-100x100.jpeg 100w, https:\/\/onlinekurs.seelenklopfen.de\/wp-content\/uploads\/2022\/01\/Herz-Geschenk-1200x757-1-600x603.jpeg 600w, https:\/\/onlinekurs.seelenklopfen.de\/wp-content\/uploads\/2022\/01\/Herz-Geschenk-1200x757-1-150x150.jpeg 150w, https:\/\/onlinekurs.seelenklopfen.de\/wp-content\/uploads\/2022\/01\/Herz-Geschenk-1200x757-1-230x231.jpeg 230w, https:\/\/onlinekurs.seelenklopfen.de\/wp-content\/uploads\/2022\/01\/Herz-Geschenk-1200x757-1-350x352.jpeg 350w, https:\/\/onlinekurs.seelenklopfen.de\/wp-content\/uploads\/2022\/01\/Herz-Geschenk-1200x757-1-480x483.jpeg 480w, https:\/\/onlinekurs.seelenklopfen.de\/wp-content\/uploads\/2022\/01\/Herz-Geschenk-1200x757-1-300x300.jpeg 300w, https:\/\/onlinekurs.seelenklopfen.de\/wp-content\/uploads\/2022\/01\/Herz-Geschenk-1200x757-1.jpeg 753w\" sizes=\"auto, (max-width: 199px) 100vw, 199px\" \/><\/p>\n<p>&nbsp;<\/p>\n<p><strong><span style=\"color: #dd3333;\">Kleines Klopf-Paket<br \/>\n<\/span>1 x 90 min. EFT Sitzung + 1 Einzelmodul: <\/strong>\u00a0<strong>299,- <span style=\"color: #dd3333;\"><del>statt 349,-<\/del><\/span><br \/>\n<\/strong><\/p>\n<p>&nbsp;<\/p>\n<p><em>Noch ein Hinweis: Gekaufte Module k\u00f6nnen nicht irgendwann sp\u00e4ter noch in Klopfpakete umgewandelt werden!<\/em><\/p>\n<p>&nbsp;<\/p>\n<p><strong><em>Alle Sitzungen k\u00f6nnen entweder pers\u00f6nlich oder per Videokonferenz stattfinden.<\/em><\/strong><br \/>\n<strong><em>Terminbuchungen \u00fcber meinen Onlinekalender: <a href=\"https:\/\/www.terminland.de\/seelenklopfen\">www.terminland.de\/seelenklopfen<\/a><\/em><\/strong><\/p>\n<p><strong>N\u00e4here Infos unter<a href=\"https:\/\/www.seelenklopfen.de\"> www.seelenklopfen.de<\/a><\/strong><\/p>\n<p>&nbsp;<\/p>\n","protected":false},"excerpt":{"rendered":"<p>Mit dem g\u00fcnstigen Klopfpaket aus 1 Einzelmodul + 1 Sitzung kannst Du den Onlinekurs optimal f\u00fcr Dich nutzen.<br \/>\nKl\u00e4re Deine Fragen pers\u00f6nlich und lerne von mir, die Klopfs\u00e4tze auf Dein spezielles Thema anzuwenden.<\/p>\n<p><span style=\"color: #dd3333;\">Achtung: Bei der Angabe Deiner Daten bitte unter &#8222;Zus\u00e4tzliche Informationen&#8220; angeben, welches Modul Du bestellen m\u00f6chtest!\u00a0<\/span><\/p>\n<p>&nbsp;<\/p>\n","protected":false},"featured_media":1633,"template":"","meta":[],"product_brand":[],"product_cat":[34],"product_tag":[],"class_list":{"0":"post-1632","1":"product","2":"type-product","3":"status-publish","4":"has-post-thumbnail","6":"product_cat-klopf-pakete","8":"first","9":"instock","10":"sale","11":"virtual","12":"purchasable","13":"product-type-simple"},"_links":{"self":[{"href":"https:\/\/onlinekurs.seelenklopfen.de\/index.php\/wp-json\/wp\/v2\/product\/1632","targetHints":{"allow":["GET"]}}],"collection":[{"href":"https:\/\/onlinekurs.seelenklopfen.de\/index.php\/wp-json\/wp\/v2\/product"}],"about":[{"href":"https:\/\/onlinekurs.seelenklopfen.de\/index.php\/wp-json\/wp\/v2\/types\/product"}],"wp:featuredmedia":[{"embeddable":true,"href":"https:\/\/onlinekurs.seelenklopfen.de\/index.php\/wp-json\/wp\/v2\/media\/1633"}],"wp:attachment":[{"href":"https:\/\/onlinekurs.seelenklopfen.de\/index.php\/wp-json\/wp\/v2\/media?parent=1632"}],"wp:term":[{"taxonomy":"product_brand","embeddable":true,"href":"https:\/\/onlinekurs.seelenklopfen.de\/index.php\/wp-json\/wp\/v2\/product_brand?post=1632"},{"taxonomy":"product_cat","embeddable":true,"href":"https:\/\/onlinekurs.seelenklopfen.de\/index.php\/wp-json\/wp\/v2\/product_cat?post=1632"},{"taxonomy":"product_tag","embeddable":true,"href":"https:\/\/onlinekurs.seelenklopfen.de\/index.php\/wp-json\/wp\/v2\/product_tag?post=1632"}],"curies":[{"name":"wp","href":"https:\/\/api.w.org\/{rel}","templated":true}]}}