
{"id":1890,"date":"2023-08-11T09:12:13","date_gmt":"2023-08-11T07:12:13","guid":{"rendered":"https:\/\/onlinekurs.seelenklopfen.de\/?post_type=product&#038;p=1890"},"modified":"2026-02-25T17:45:22","modified_gmt":"2026-02-25T16:45:22","slug":"seelenklopfen-onlinekurs-modul-12","status":"publish","type":"product","link":"https:\/\/onlinekurs.seelenklopfen.de\/index.php\/produkt\/seelenklopfen-onlinekurs-modul-12\/","title":{"rendered":"Onlinekurs Modul 12"},"content":{"rendered":"<h4 align=\"left\"><span style=\"color: #dd3333;\"><strong>Herzlich willkommen beim Seelenklopfen Onlinekurs!<\/strong><\/span><\/h4>\n<h5 align=\"left\"><strong>Sch\u00f6n, dass Du da bist und mit mir zusammen &#8222;klopfen&#8220; m\u00f6chtest!<\/strong><\/h5>\n<p>&nbsp;<\/p>\n<p align=\"left\"><strong><img loading=\"lazy\" decoding=\"async\" class=\"wp-image-2448 alignleft\" src=\"https:\/\/onlinekurs.seelenklopfen.de\/wp-content\/uploads\/2023\/08\/Preisschilder-Einzelm-300x300.png\" alt=\"\" width=\"282\" height=\"282\" srcset=\"https:\/\/onlinekurs.seelenklopfen.de\/wp-content\/uploads\/2023\/08\/Preisschilder-Einzelm-300x300.png 300w, https:\/\/onlinekurs.seelenklopfen.de\/wp-content\/uploads\/2023\/08\/Preisschilder-Einzelm-1024x1024.png 1024w, https:\/\/onlinekurs.seelenklopfen.de\/wp-content\/uploads\/2023\/08\/Preisschilder-Einzelm-150x150.png 150w, https:\/\/onlinekurs.seelenklopfen.de\/wp-content\/uploads\/2023\/08\/Preisschilder-Einzelm-768x768.png 768w, https:\/\/onlinekurs.seelenklopfen.de\/wp-content\/uploads\/2023\/08\/Preisschilder-Einzelm-1000x1000.png 1000w, https:\/\/onlinekurs.seelenklopfen.de\/wp-content\/uploads\/2023\/08\/Preisschilder-Einzelm-230x230.png 230w, https:\/\/onlinekurs.seelenklopfen.de\/wp-content\/uploads\/2023\/08\/Preisschilder-Einzelm-350x350.png 350w, https:\/\/onlinekurs.seelenklopfen.de\/wp-content\/uploads\/2023\/08\/Preisschilder-Einzelm-480x480.png 480w, https:\/\/onlinekurs.seelenklopfen.de\/wp-content\/uploads\/2023\/08\/Preisschilder-Einzelm-420x420.png 420w, https:\/\/onlinekurs.seelenklopfen.de\/wp-content\/uploads\/2023\/08\/Preisschilder-Einzelm-800x800.png 800w, https:\/\/onlinekurs.seelenklopfen.de\/wp-content\/uploads\/2023\/08\/Preisschilder-Einzelm-100x100.png 100w, https:\/\/onlinekurs.seelenklopfen.de\/wp-content\/uploads\/2023\/08\/Preisschilder-Einzelm.png 1080w\" sizes=\"auto, (max-width: 282px) 100vw, 282px\" \/><\/strong><\/p>\n<p><span style=\"color: #dd3333;\"><strong>Kennst du das Gef\u00fchl, dir beim Businessaufbau selbst auf den F\u00fc\u00dfen zu stehen?<\/strong><\/span><\/p>\n<p>Selbstzweifel, Aufschieberitis, Perfektionismus oder Angst vor Sichtbarkeit sind Selbstsabotagemuster, die wir alle kennen. Zum Gl\u00fcck blockieren sie uns nur so lange, bis wir sie uns bewusst machen und aufl\u00f6sen!<br \/>\nIm Modul 12 erkl\u00e4re ich dir zahlreiche Sabotagemuster und wie du sie \u00fcberwinden kannst. Mit Hilfe der genialen Klopftechnik EFT f\u00fchre ich dich interaktiv durch einen transformierenden L\u00f6sungsprozess.<\/p>\n<p><span style=\"color: #ff6600;\"><strong>Klopf dir den Weg frei f\u00fcr dein erfolgreiches Business!<\/strong><\/span><\/p>\n<p align=\"left\"><strong>\u00a0<\/strong><\/p>\n<p><strong>Dieses Modul besteht aus insgesamt 21 Videos, davon 10 Erkl\u00e4rvideos und 11 Mitklopfrunden.<\/strong><\/p>\n<p><span style=\"color: #dd3333;\"><a style=\"color: #dd3333;\" href=\"https:\/\/onlinekurs.seelenklopfen.de\/index.php\/disclaimer-modul-12\" target=\"_blank\" rel=\"noopener\"><em>Vor der Bestellung bitte zuerst den Disclaimer lesen!<\/em><\/a><\/span><\/p>\n<p>&nbsp;<\/p>\n<p>&nbsp;<\/p>\n<hr \/>\n<h4><\/h4>\n<h4><span style=\"color: #dd3333;\">Darum geht&#8217;s im Modul 12:<\/span><\/h4>\n<p>Hast du bei deinem Businessaufbau auch manchmal das Gef\u00fchl, dir selbst auf den F\u00fc\u00dfen zu stehen?<\/p>\n<p>Du k\u00e4mpfst immer wieder mit Selbstzweifeln, schiebst unangenehme Schritte vor dir her, h\u00e4ltst dich mit unwichtigen Kleinigkeiten wie der perfekten Visitenkarte auf, oder traust dich aus Angst vor Ablehnung gar nicht, mit deinem Angebot raus in die Sichtbarkeit zu gehen?<\/p>\n<p>Solche Selbstsabotagemuster kennen wir alle. Sie haben ihre Wurzeln meist schon in der Kindheit und sind das Ergebnis unbewusster Schutzstrategien unseres \u00dcberlebenssystems, das in jeglicher Ver\u00e4nderung erstmal Gefahr wittert und uns sogar vor dem Erfolg &#8222;besch\u00fctzen&#8220; m\u00f6chte.<br \/>\nDie gute Nachricht ist: Selbstsabotagemuster blockieren uns nur so lange, bis wir sie uns bewusst machen und aufl\u00f6sen!<\/p>\n<p>In meinem Onlinekurs Modul 12: &#8222;Selbstsabotage im Business&#8220; zeige ich dir, welche Muster dich m\u00f6glicherweise blockieren, und wie du sie selbstst\u00e4ndig wieder aufl\u00f6sen kannst.<br \/>\nDaf\u00fcr arbeiten wir mit einer der einfachsten und effektivsten Selbsthilfetechniken zum Transformieren limitierender Gedanken, Gef\u00fchle und Verhaltensmuster: Die Klopfakupressur EFT (Emotional Freedom Techniques). Ich zeige dir in ca. 5 Stunden Videomaterial Schritt f\u00fcr Schritt, wie das funktioniert, und f\u00fchre dich interaktiv durch diesen L\u00f6sungsprozess hindurch.<br \/>\nKlopf dir den Weg frei f\u00fcr dein erfolgreiches Business!<\/p>\n<p>&nbsp;<\/p>\n<h4><strong><span style=\"color: #dd3333;\">Welche 21 Videos erwarten Dich in diesem Modul?<\/span><\/strong><\/h4>\n<h5><span lang=\"zxx\">M1201 Begr\u00fc\u00dfungsvideo<br \/>\n<\/span><\/h5>\n<p><span style=\"color: #ff6600;\"><strong>Im ersten Video gebe ich Dir erstmal einen \u00dcberblick \u00fcber das Thema Selbstsabotage im Business.<br \/>\nWarum stehen wir uns bei unserer beruflichen Entwicklung selbst auf den F\u00fc\u00dfen herum?<br \/>\nUnd wie k\u00f6nnen wir solche unbewussten Programmierungen wieder aufl\u00f6sen?<br \/>\n<\/strong><\/span><\/p>\n<p>&nbsp;<\/p>\n<h5><span lang=\"zxx\">M1202 Selbstsabotagemuster erkennen<br \/>\n<\/span><\/h5>\n<p><strong><span style=\"color: #ff6600;\">In diesem Video stelle ich Dir eine Liste von 15 m\u00f6glichen Selbstsabotagemustern vor, und wie Du sie anhand Deines eigenen Verhaltens in Deinem Business erkennen kannst.<\/span> <\/strong><\/p>\n<p>&nbsp;<\/p>\n<h5><span lang=\"zxx\">M1203 Was ist das Sabotagemonster?<br \/>\n<\/span><\/h5>\n<p align=\"left\"><strong><span style=\"color: #ff6600;\">In diesem Tutorial erkl\u00e4re ich Dir, was ich mit dem Begriff &#8222;Sabotagemonster&#8220; meine. Es ist, als ob ein kleines Wesen in uns lebt, dass uns dazu bringt, uns anders zu verhalten als wir eigentlich wollen. Wie Du damit am besten umgehen kannst, erkl\u00e4re ich Dir im Video.<\/span><br \/>\n<\/strong><\/p>\n<p>&nbsp;<\/p>\n<h5><\/h5>\n<h5><span lang=\"zxx\">M1204 Meine pers\u00f6nliche Geschichte<br \/>\n<\/span><\/h5>\n<p><span style=\"color: #ff6600;\"><strong>In diesem Tutorial erz\u00e4hle ich Dir ein bisschen was \u00fcber mich pers\u00f6nlich, damit Du wei\u00dft, mit wem Du es hier zu tun hast. Meine zahlreichen Erfahrungen mit der Heilung von Depressionen und dem anschlie\u00dfenden Aufbau meiner Praxis f\u00fcr Psychotherapie haben mich zur echten Expertin f\u00fcr das \u00dcberwinden von Selbstsabotagemustern gemacht. <\/strong><\/span><\/p>\n<p>&nbsp;<\/p>\n<h5><span lang=\"zxx\">M1205 \u00dcberblick \u00fcber das gesamte Modul 12<br \/>\n<\/span><\/h5>\n<p align=\"left\"><strong><span style=\"color: #ff6600;\">In diesem Erkl\u00e4rvideo gebe ich Dir zun\u00e4chst einen \u00dcberblick \u00fcber alle Mitklopfrunden, die Dich im Modul 12 erwarten. Hier kannst Du schonmal schauen, welche Muster Du bei Dir bemerkst, welche davon am belastendsten sind, und in welcher Reihenfolge Du mit den Videos arbeiten m\u00f6chtest.<\/span><br \/>\n<\/strong><\/p>\n<p>&nbsp;<\/p>\n<h5><span lang=\"zxx\">M1206 Disclaimer<br \/>\n<\/span><\/h5>\n<p><strong><span style=\"color: #ff6600;\">Bevor es nun gleich mit dem Klopfen losgeht, m\u00f6chte ich Dir noch kurz ein paar Hinweise geben, f\u00fcr wen dieser Kurs geeignet ist und f\u00fcr wen nicht, was sein Ziel ist und wo seine Grenzen liegen.<\/span><br \/>\n<\/strong><\/p>\n<p align=\"left\"><em>Der Kurs ist f\u00fcr Menschen gedacht, die grunds\u00e4tzlich soweit gesund sind und planen oder schon dabei sind, sich ein eigenes Business aufzubauen. <\/em><\/p>\n<p align=\"left\"><em>Es kann viele Gr\u00fcnde geben, das eigene berufliche Wachstum auf unbewusste Weise selbst zu blockieren. Oft ist <\/em><em>auf den ersten Blick nur schwer erkennbar, warum wir gef\u00fchlt nie genug Zeit haben, sinnvolle Dinge vor uns herschieben, ineffektiv arbeiten oder bestimmte Erfolgsziele einfach nicht erreichen, egal wie sehr wir uns auch bem\u00fchen.<\/em><\/p>\n<p align=\"left\"><em>Dieser Onlinekurs ist daf\u00fcr gedacht, Dir typische emotionale Blockaden und ihre Ursachen aufzuzeigen, die m\u00f6glicherweise daf\u00fcr verantwortlich sein k\u00f6nnen, dass Du in Deinem Business nicht vorankommst. Mit Hilfe des Kurses kannst Du Dir Deine pers\u00f6nlichen Muster bewusst machen und anschlie\u00dfend mit den EFT Klopfvideos daran arbeiten, diese emotionalen Blockaden zu l\u00f6sen.<\/em><\/p>\n<p align=\"left\"><em>Ziel dieses Kurses ist nicht das Erreichen Deiner beruflichen Ziele, sondern das Erlernen der Technik EFT, um damit selbst\u00e4ndig arbeiten zu k\u00f6nnen.Wenn Du das Gef\u00fchl hast, alleine mit den Videos nicht weiterzukommen oder mit hochkommenden Emotionen \u00fcberfordert zu sein, dann ist eine zus\u00e4tzliche pers\u00f6nliche Betreuung in Einzelsitzungen sinnvoll.<br \/>\n<\/em><\/p>\n<p align=\"left\"><em>Wichtige Einschr\u00e4nkung: Bei schweren psychischen Erkrankungen wie z.B. schweren Depressionen, akuten Psychosen, schweren Zwangssymptomen, schweren Traumatisierungen, Drogenmissbrauch, selbstverletzendem Verhalten, Suizidgedanken, sowie bei schweren k\u00f6rperlichen Erkrankungen ist dieser Selbsthilfekurs NICHT geeignet!!! In diesem Fall ist eine pers\u00f6nliche, ggf. \u00e4rztliche Betreuung unerl\u00e4sslich.<\/em><\/p>\n<p align=\"left\"><em>Die Teilnahme am Kurs kann eine Psychotherapie oder den Besuch beim Arzt nicht ersetzen.<\/em><\/p>\n<p align=\"left\"><strong>Abgrenzung zum Modul 7 &#8222;Selbstsabotage aufl\u00f6sen&#8220;:<\/strong><br \/>\nDas Modul 7 behandelt ganz \u00e4hnliche Themen, richtet sich schwerpunktm\u00e4\u00dfig jedoch nicht an Businessstarter, sondern an Menschen mit Depressionen und ihre typischen Blockadethemen.<\/p>\n<p>&nbsp;<\/p>\n<h5><span lang=\"zxx\">M1207 Anleitung in 10 Punkten<br \/>\n<\/span><\/h5>\n<p><strong><span style=\"color: #ff6600;\">In diesem Tutorial erkl\u00e4re ich Dir ausf\u00fchrlich, wie Du mit den Mitklopfvideos am besten arbeiten und sie optimal f\u00fcr die Selbsthilfe nutzen kannst.<\/span> <\/strong><\/p>\n<p>&nbsp;<\/p>\n<h5><span lang=\"zxx\">M1208 EFT Tutorial<\/span><\/h5>\n<p align=\"left\"><span style=\"color: #ff6600;\"><strong>In diesem Tutorial erkl\u00e4re ich Dir alles \u00fcber die Klopfakupressur, was Du f\u00fcr die Anwendung als Selbsthilfetechnik wissen musst. <\/strong><\/span><\/p>\n<p>&nbsp;<\/p>\n<h5><span lang=\"zxx\">M1209 Der kinesiologische Muskeltest<\/span><\/h5>\n<p class=\"western\" align=\"left\"><span style=\"color: #ff6600;\"><strong>In diesem Tutorial erkl\u00e4re ich Dir, wie Du als einfaches Instrument zur Selbstdiagnostik den kinesiologischen Muskeltest anwenden kannst.<\/strong><\/span><\/p>\n<p>&nbsp;<\/p>\n<h5><span lang=\"zxx\">M1210 Meditation: &#8222;Die Lichtwaschanlage&#8220;<\/span><\/h5>\n<p align=\"left\"><span style=\"color: #ff6600;\"><strong>Dieses Video enth\u00e4lt eine kleine meditative Visualisierungs\u00fcbung zum Loslassen und zur energetischen Reinigung und Transformation mit Hilfe von Licht und Farben.<\/strong><\/span><\/p>\n<p>&nbsp;<\/p>\n<p>&nbsp;<\/p>\n<h3><span style=\"color: #dd3333;\">Mitklopfrunden:<\/span><\/h3>\n<h5><span lang=\"zxx\"><span style=\"color: #000000;\">M1211 Angst vor Leistungsdruck, \u00dcberforderung und Versagen<\/span><br \/>\n<\/span><\/h5>\n<p align=\"left\"><strong><span style=\"color: #ff6600;\">Ein h\u00e4ufiger Grund, warum wir uns beim Businessaufbau selbst blockieren, ist Versagensangst. Du hast das Gef\u00fchl, mit vielem, was es f\u00fcr das Business neu zu lernen gibt, \u00fcberfordert zu sein und den hohen Anforderungen nicht gewachsen zu sein. In der ersten Klopfrunde k\u00fcmmern wir uns um dieses Thema.<br \/>\n<\/span><\/strong><\/p>\n<p>&nbsp;<\/p>\n<h5><span lang=\"zxx\">M1212 Angst vor Sichtbarkeit und Kritik<br \/>\n<\/span><\/h5>\n<p><strong><span style=\"color: #ff6600;\">Wenn du dich gehemmt f\u00fchlst, dich in der \u00d6ffentlichkeit mit deinem Produkt zu pr\u00e4sentieren, weil du bef\u00fcrchtest, von anderen schlecht bewertet und kritisiert zu werden, dann ist die heutige Klopfrunde f\u00fcr dich.<\/span><br \/>\n<\/strong><\/p>\n<p>&nbsp;<\/p>\n<h5><span lang=\"zxx\">M1213\u00a0 Angst, eine Hochstaplerin zu sein<br \/>\n<\/span><\/h5>\n<p align=\"left\"><strong><span style=\"color: #ff6600;\">Hast du auch manchmal solche Gedanken wie &#8222;Hoffentlich merkt keiner, dass ich in Wirklichkeit total dumm bin und von nichts eine Ahnung habe&#8230;&#8220;? Oder &#8222;Ich muss unbedingt noch mehr Ausbildungen machen, sonst bin ich nicht gut genug, und es w\u00e4re unversch\u00e4mt, daf\u00fcr Geld zu verlangen&#8230;&#8220;? Dann ist diese Klopfrunde f\u00fcr dich.<\/span><br \/>\n<\/strong><\/p>\n<p>&nbsp;<\/p>\n<h5><span lang=\"zxx\">M1214 Angst vor Ablehnung bei Misserfolg<br \/>\n<\/span><\/h5>\n<p align=\"left\"><strong><span style=\"color: #ff6600;\">Kennst du das Gef\u00fchl, dass gro\u00dfe Erwartungen an dich gestellt werden, und du bef\u00fcrchtest, ihnen nicht gerecht werden zu k\u00f6nnen? Du hast Angst, was die Leute von dir denken, wenn dein Business scheitern sollte? Vielleicht mag dich dann keiner mehr? Solche wenig hilfreichen Gedanken k\u00f6nnen wir mit EFT beklopfen und loslassen.<\/span><br \/>\n<\/strong><\/p>\n<p>&nbsp;<\/p>\n<h5><span lang=\"zxx\">M1215 Angst vor Ablehnung bei Erfolg<br \/>\n<\/span><\/h5>\n<p align=\"left\"><strong><span style=\"color: #ff6600;\">Tats\u00e4chlich kann es auch genau andersherum sein als in der vorigen Klopfrunde. Auch dann, wenn dein Business floriert, du eine erfolgreiche Unternehmerin wirst und sehr viel Geld verdienst, kann es Angst in dir ausl\u00f6sen, was andere von dir denken, und ob sie dich dann noch m\u00f6gen. Das beklopfen wir heute.<\/span> <\/strong><\/p>\n<p>&nbsp;<\/p>\n<h5><span lang=\"zxx\">M1216 Angst vor Ver\u00e4nderung und Identit\u00e4tsverlust<br \/>\n<\/span><\/h5>\n<p align=\"left\"><strong><span style=\"color: #ff6600;\">Die gr\u00f6\u00dfte Angst im Prozess des pers\u00f6nlichen Wachstums besteht wohl bei uns allen in der Angst vor Ver\u00e4nderung. Businessaufbau bedeutet aber unweigerlich Wachstum und Ver\u00e4nderung. Daher gehen wir heute mutig voran und stellen uns dieser Angst.<br \/>\n<\/span><\/strong><\/p>\n<p>&nbsp;<\/p>\n<h5><span lang=\"zxx\">M1217 Perfektionismus und Angst vor Fehlern<br \/>\n<\/span><\/h5>\n<p><span style=\"color: #ff6600;\"><strong>Wer kennt in unserer heutigen Leistungsgesellschaft nicht das Problem eines ausgepr\u00e4gten Perfektionismus? Bevor wir nicht hundertprozentig sicher sind, dass es perfekt wird, fangen wir gar nicht erst an. Um diese Form von Schmerzvermeidung k\u00fcmmern wir uns in diesr Klopfrunde.<\/strong><\/span><\/p>\n<p>&nbsp;<\/p>\n<h5><span lang=\"zxx\">M1218 Aufschieberitis<br \/>\n<\/span><\/h5>\n<p class=\"western\" align=\"left\"><strong><span style=\"color: #ff6600;\">Aufschieberitis ist der Klassiker unter den Symptomen der Selbstsabotage. Wir alle kennen den ber\u00fchmten inneren Schweinehund, der uns davon abh\u00e4lt, unangenehme Dinge hinter uns zu bringen. Damit wir endlich in Schwung kommen, schauen wir heute mal, welche versteckten Emotionen uns da eigentlich so blockieren.<\/span><br \/>\n<\/strong><\/p>\n<p>&nbsp;<\/p>\n<h5><span lang=\"zxx\">M1219 Angst vor der eigenen Gr\u00f6\u00dfe<br \/>\n<\/span><\/h5>\n<p align=\"left\"><strong><span style=\"color: #ff6600;\">Man glaubt es kaum, aber unsere gr\u00f6\u00dfte Angst liegt nicht in unserer Kleinheit oder unserem bef\u00fcrchteten Versagen. Sondern darin, ein unendlich gro\u00dfes und machtvolles Wesen mit einem riesigen Potenzial zu sein! Um dieses wichtige, meist vollkommen unbewusste Thema k\u00fcmmern wir uns in der heutigen Klopfrunde.<\/span><br \/>\n<\/strong><\/p>\n<p>&nbsp;<\/p>\n<h5><span lang=\"zxx\">M1220 Glaubenss\u00e4tze transformieren<br \/>\n<\/span><\/h5>\n<p align=\"left\"><span style=\"color: #ff6600;\"><strong>Mit dieser allgemein formulierten Klopfrunde bekommst Du eine inspirierende Sammlung von S\u00e4tzen, bei denen sich im Grunde alles ums Loslassen dreht. Glaubenss\u00e4tze, unerw\u00fcnschte Verhaltensmuster und vieles mehr kannst Du mit diesen S\u00e4tzen loslassen und transformieren.<\/strong><\/span><\/p>\n<p>&nbsp;<\/p>\n<h5><span lang=\"zxx\">M1221 Selbstliebe trainieren<br \/>\n<\/span><\/h5>\n<p align=\"left\"><span style=\"color: #ff6600;\"><strong>Eine der wichtigsten \u00dcbungen bei s\u00e4mtlichen Wachstums- und Heilungsprozessen, vor allem zur St\u00e4rkung des Selbstwertgef\u00fchls und Selbstvertrauens, ist das regelm\u00e4\u00dfige Trainieren von Selbstliebe, was wir mit dieser letzten Klopfrunde tun.<\/strong><\/span><\/p>\n<h5><\/h5>\n","protected":false},"excerpt":{"rendered":"<table id=\"cart\" class=\"order_table with_product_image with_prices\" style=\"height: 67px;\" width=\"535\">\n<tbody>\n<tr class=\"body product product_bottom \">\n<td class=\"image\">\n<h4><span style=\"color: #dd3333;\"><strong><br \/>\nMODUL 12: &#8222;Selbstsabotage im Business&#8220;<\/strong><\/span><\/h4>\n<p>&nbsp;<\/td>\n<td class=\"details\">\n<div class=\"description\">\n<p><span style=\"color: #ff6600;\"><strong>\u00dcber 5 Stunden Videomaterial zum eigenst\u00e4ndigen Arbeiten mit EFT<\/strong><\/span><\/p>\n<\/div>\n<\/td>\n<\/tr>\n<\/tbody>\n<\/table>\n<p><span style=\"color: #dd3333;\"><a style=\"color: #dd3333;\" href=\"https:\/\/onlinekurs.seelenklopfen.de\/index.php\/disclaimer-modul-12\" target=\"_blank\" rel=\"noopener\"><em>Vor der Bestellung bitte zuerst den Disclaimer lesen!<\/em><\/a><\/span><\/p>\n","protected":false},"featured_media":1893,"template":"","meta":[],"product_brand":[],"product_cat":[32],"product_tag":[],"class_list":{"0":"post-1890","1":"product","2":"type-product","3":"status-publish","4":"has-post-thumbnail","6":"product_cat-module","8":"first","9":"instock","10":"virtual","11":"purchasable","12":"product-type-simple"},"_links":{"self":[{"href":"https:\/\/onlinekurs.seelenklopfen.de\/index.php\/wp-json\/wp\/v2\/product\/1890","targetHints":{"allow":["GET"]}}],"collection":[{"href":"https:\/\/onlinekurs.seelenklopfen.de\/index.php\/wp-json\/wp\/v2\/product"}],"about":[{"href":"https:\/\/onlinekurs.seelenklopfen.de\/index.php\/wp-json\/wp\/v2\/types\/product"}],"wp:featuredmedia":[{"embeddable":true,"href":"https:\/\/onlinekurs.seelenklopfen.de\/index.php\/wp-json\/wp\/v2\/media\/1893"}],"wp:attachment":[{"href":"https:\/\/onlinekurs.seelenklopfen.de\/index.php\/wp-json\/wp\/v2\/media?parent=1890"}],"wp:term":[{"taxonomy":"product_brand","embeddable":true,"href":"https:\/\/onlinekurs.seelenklopfen.de\/index.php\/wp-json\/wp\/v2\/product_brand?post=1890"},{"taxonomy":"product_cat","embeddable":true,"href":"https:\/\/onlinekurs.seelenklopfen.de\/index.php\/wp-json\/wp\/v2\/product_cat?post=1890"},{"taxonomy":"product_tag","embeddable":true,"href":"https:\/\/onlinekurs.seelenklopfen.de\/index.php\/wp-json\/wp\/v2\/product_tag?post=1890"}],"curies":[{"name":"wp","href":"https:\/\/api.w.org\/{rel}","templated":true}]}}